{"id":7,"date":"2015-10-05T11:52:18","date_gmt":"2015-10-05T16:52:18","guid":{"rendered":"http:\/\/kulzer-info.mx\/?page_id=7"},"modified":"2026-01-21T16:21:06","modified_gmt":"2026-01-21T21:21:06","slug":"home","status":"publish","type":"page","link":"https:\/\/kulzer-info.mx\/","title":{"rendered":"Bienvenidos"},"content":{"rendered":"<div class=\"paragraph\">\n<div class=\"paragraph\"><strong>Kulzer<\/strong> es una de las compa\u00f1\u00edas dentales l\u00edderes en el mundo con sede en Hanau, Alemania. Sus divisiones de material dental y servicios digitales suministran a dentistas y prot\u00e9sicos dentales una amplia gama de productos, que abarcan desde la odontolog\u00eda cosm\u00e9tica, hasta la conservadora, pr\u00f3tesis, periodoncia y odontolog\u00eda digital. Cuenta con m\u00e1s de 1.500 empleados.<\/div>\n<div class=\"paragraph\"><strong>Kulzer<\/strong> es parte de la compa\u00f1\u00eda japonesa Mitsui Chemicals Group desde julio de 2013. Mitsui Chemicals Inc. (MCI) tiene su sede en Tokio, y cuenta con 14.300 empleados en m\u00e1s de 90 pa\u00edses de todo el mundo. Sus innovadores productos qu\u00edmicos est\u00e1n presentes en la industria automotriz, electr\u00f3nica y de embalaje, as\u00ed como en otros campos como la protecci\u00f3n del medio ambiente y la salud.<\/div>\n<\/div>\n<div class=\"paragraph\"><\/div>\n<div class=\"paragraph\">\n<div class=\"ins-2 pad-r\"><\/div>\n<div class=\"container-4\">\n<div class=\"txt-4\">\n<div class=\"ins-2 pad-r\">\n<div class=\"ins-2-img 0-0\"><\/div>\n<div><\/div>\n<\/div>\n<div class=\"paragraph\">\n<h3 class=\"project-color\">Misi\u00f3n<\/h3>\n<\/div>\n<div class=\"paragraph\">Como socio preferente de los profesionistas dentales, ayudamos a nuestros clientes a <strong>restaurar la salud bucal y el bienestar de sus pacientes<\/strong> de manera segura, adecuada y rentable. Nuestra misi\u00f3n es desarrollar y ofrecer servicios y productos de calidad inmejorables que crean soluciones confiables.<\/div>\n<div class=\"paragraph\"><\/div>\n<\/div>\n<\/div>\n<div class=\"wr-img-text clearfix trenner\"><\/div>\n<div class=\"container-4\">\n<div class=\"txt-4\">\n<div class=\"ins-2 pad-r\">\n<div class=\"ins-2-img 0-0\"><\/div>\n<\/div>\n<div class=\"paragraph\">\n<h3 class=\"project-color\">Visi\u00f3n<\/h3>\n<\/div>\n<div class=\"paragraph\">Nuestra visi\u00f3n es ser \u201c<strong>El socio de por vida de nuestros clientes<\/strong>\u201d. Esto ser\u00e1 posible gracias a un profundo conocimiento de las cambiantes necesidades de los profesionistas dentales y sus pacientes para crear una propuesta de valor \u00fanica.<\/div>\n<div class=\"paragraph\"><\/div>\n<\/div>\n<\/div>\n<div class=\"wr-img-text clearfix trenner\"><\/div>\n<div class=\"container-4\">\n<div class=\"txt-4\">\n<div class=\"ins-2 pad-r\">\n<div class=\"ins-2-img 0-0\"><\/div>\n<\/div>\n<div class=\"paragraph\">\n<h3 class=\"project-color\">Valores fundamentales<\/h3>\n<\/div>\n<div class=\"paragraph\"><\/div>\n<div class=\"paragraph\">\n<ul class=\"bullets-black\">\n<li><strong>Iniciativa propia y responsabilidad<\/strong><br \/>\nNos exigimos a nosotros mismos aprovechar constantemente nuestro potencial individual para contribuir al \u00e9xito com\u00fan. Delegamos y acordamos objetivos claros.<\/li>\n<li><strong>Honestidad, confiabilidad y predictibilidad<\/strong><br \/>\nNos tratamos con equidad y respeto. Somos confiables y predecibles, tanto en nuestra propia organizaci\u00f3n como con terceros (trabajamos en equipo).<\/li>\n<li><strong>Creatividad y entusiasmo para la innovaci\u00f3n<\/strong><br \/>\nCon nuestras soluciones y productos innovadores y enfocados en el cliente, contribuimos de manera sustancial a la competitividad y la generaci\u00f3n de prosperidad de nuestros clientes a largo plazo.<\/li>\n<li><strong>Tratamiento adecuado de los empleados<\/strong><br \/>\nNos alentamos y desafiamos unos a otros para seguir desarrollando nuestras habilidades sociales y profesionales a lo largo de nuestras carreras. La diversidad es un factor clave para nuestro \u00e9xito.<\/li>\n<li><strong>Gesti\u00f3n responsable de los recursos naturales y financieros<\/strong><br \/>\nAl esforzarnos por el \u00e9xito econ\u00f3mico y el desarrollo sostenible, gestionamos los recursos naturales y financieros de manera responsable.<\/li>\n<\/ul>\n<\/div>\n<\/div>\n<\/div>\n<\/div>\n<div class=\"paragraph\"><\/div>\n","protected":false},"excerpt":{"rendered":"<p>Kulzer es una de las compa\u00f1\u00edas dentales l\u00edderes en el mundo con sede en Hanau, Alemania. Sus divisiones de material dental y servicios digitales suministran a dentistas y prot\u00e9sicos dentales una amplia gama de productos, que abarcan desde la odontolog\u00eda cosm\u00e9tica, hasta la conservadora, pr\u00f3tesis, periodoncia y odontolog\u00eda digital. Cuenta con m\u00e1s de 1.500 empleados. Kulzer es parte de la [&hellip;]<\/p>\n","protected":false},"author":1,"featured_media":0,"parent":0,"menu_order":1,"comment_status":"closed","ping_status":"closed","template":"","meta":{"footnotes":""},"class_list":["post-7","page","type-page","status-publish","hentry"],"_links":{"self":[{"href":"https:\/\/kulzer-info.mx\/index.php\/wp-json\/wp\/v2\/pages\/7","targetHints":{"allow":["GET"]}}],"collection":[{"href":"https:\/\/kulzer-info.mx\/index.php\/wp-json\/wp\/v2\/pages"}],"about":[{"href":"https:\/\/kulzer-info.mx\/index.php\/wp-json\/wp\/v2\/types\/page"}],"author":[{"embeddable":true,"href":"https:\/\/kulzer-info.mx\/index.php\/wp-json\/wp\/v2\/users\/1"}],"replies":[{"embeddable":true,"href":"https:\/\/kulzer-info.mx\/index.php\/wp-json\/wp\/v2\/comments?post=7"}],"version-history":[{"count":10,"href":"https:\/\/kulzer-info.mx\/index.php\/wp-json\/wp\/v2\/pages\/7\/revisions"}],"predecessor-version":[{"id":5112,"href":"https:\/\/kulzer-info.mx\/index.php\/wp-json\/wp\/v2\/pages\/7\/revisions\/5112"}],"wp:attachment":[{"href":"https:\/\/kulzer-info.mx\/index.php\/wp-json\/wp\/v2\/media?parent=7"}],"curies":[{"name":"wp","href":"https:\/\/api.w.org\/{rel}","templated":true}]}}