{"id":5283,"date":"2026-01-21T16:18:22","date_gmt":"2026-01-21T21:18:22","guid":{"rendered":"https:\/\/kulzer-info.mx\/?page_id=5283"},"modified":"2026-01-28T17:29:22","modified_gmt":"2026-01-28T22:29:22","slug":"kulzer-premier","status":"publish","type":"page","link":"https:\/\/kulzer-info.mx\/index.php\/kulzer-premier\/","title":{"rendered":"PREMIER"},"content":{"rendered":"\n<h2 class=\"wp-block-heading has-text-color has-link-color wp-elements-d5b799477f09499d4da5ebb9f3743452\" style=\"color:#0f1620\">KULZER PREMIER &#8211; <strong>Su estatus de privilegio en Odontolog\u00eda<\/strong><\/h2>\n\n\n\n<p class=\"has-medium-font-size\" style=\"font-style:normal;font-weight:100\">El programa de lealtad exclusivo que premia su compromiso con la excelencia y la calidad alemana.<\/p>\n\n\n\n<p class=\"has-text-align-center has-text-color has-background has-link-color has-medium-font-size wp-elements-3109569e676344021835d6261239c7c2\" style=\"color:#fce7bc;background-color:#0f1620\"><strong>Elevamos nuestra relaci\u00f3n a un nivel Premier<\/strong><br>Kulzer Premier es nuestro reconocimiento a los odont\u00f3logos generales, especialistas y t\u00e9cnicos dentales en M\u00e9xico que eligen la precisi\u00f3n y la confianza de nuestra marca. Nuestro objetivo es fortalecer nuestra relaci\u00f3n, premiar su fidelidad e incentivar su compra recurrente.<\/p>\n\n\n\n<div class=\"wp-block-buttons is-content-justification-center is-layout-flex wp-container-core-buttons-is-layout-16018d1d wp-block-buttons-is-layout-flex\">\n<div class=\"wp-block-button has-custom-width wp-block-button__width-75 is-style-outline is-style-outline--1\"><a class=\"wp-block-button__link has-white-color has-text-color has-background has-link-color has-medium-font-size has-text-align-center has-custom-font-size wp-element-button\" href=\"https:\/\/mpago.la\/1eFBdmK\" style=\"border-top-left-radius:19px;border-top-right-radius:19px;border-bottom-left-radius:19px;border-bottom-right-radius:19px;background:radial-gradient(rgb(224,183,121) 42%,rgb(252,231,188) 100%);text-transform:uppercase\" target=\"_blank\" rel=\"noreferrer noopener\"><strong>Adquiere Premier<\/strong><\/a><\/div>\n<\/div>\n\n\n\n<p>Kulzer Premier es nuestro reconocimiento a los odont\u00f3logos generales, especialistas y t\u00e9cnicos dentales en M\u00e9xico que eligen la precisi\u00f3n y la confianza de nuestra marca. Nuestro objetivo es fortalecer nuestra relaci\u00f3n, premiar su fidelidad e incentivar su compra recurrente.<\/p>\n\n\n\n<div class=\"wp-block-media-text is-stacked-on-mobile\" style=\"grid-template-columns:15% auto\"><figure class=\"wp-block-media-text__media\"><img loading=\"lazy\" decoding=\"async\" width=\"222\" height=\"222\" src=\"https:\/\/kulzer-info.mx\/wp-content\/uploads\/2026\/01\/Icon_excel.jpg\" alt=\"\" class=\"wp-image-5299 size-full\" srcset=\"https:\/\/kulzer-info.mx\/wp-content\/uploads\/2026\/01\/Icon_excel.jpg 222w, https:\/\/kulzer-info.mx\/wp-content\/uploads\/2026\/01\/Icon_excel-150x150.jpg 150w\" sizes=\"auto, (max-width: 222px) 100vw, 222px\" \/><\/figure><div class=\"wp-block-media-text__content\">\n<p class=\"has-medium-font-size\" style=\"font-style:normal;font-weight:400\"><strong>Excelencia:<\/strong> Respaldamos su pr\u00e1ctica con la inigualable calidad alemana de nuestros productos.<\/p>\n<\/div><\/div>\n\n\n\n<div class=\"wp-block-media-text is-stacked-on-mobile\" style=\"grid-template-columns:15% auto\"><figure class=\"wp-block-media-text__media\"><img loading=\"lazy\" decoding=\"async\" width=\"222\" height=\"222\" src=\"https:\/\/kulzer-info.mx\/wp-content\/uploads\/2026\/01\/Icon_conf.jpg\" alt=\"\" class=\"wp-image-5300 size-full\" srcset=\"https:\/\/kulzer-info.mx\/wp-content\/uploads\/2026\/01\/Icon_conf.jpg 222w, https:\/\/kulzer-info.mx\/wp-content\/uploads\/2026\/01\/Icon_conf-150x150.jpg 150w\" sizes=\"auto, (max-width: 222px) 100vw, 222px\" \/><\/figure><div class=\"wp-block-media-text__content\">\n<p class=\"has-medium-font-size\" style=\"font-style:normal;font-weight:400\"><strong>Confianza: <\/strong>Construimos una relaci\u00f3n duradera donde Kulzer es su socio de confianza.<\/p>\n<\/div><\/div>\n\n\n\n<div class=\"wp-block-media-text is-stacked-on-mobile\" style=\"grid-template-columns:15% auto\"><figure class=\"wp-block-media-text__media\"><img loading=\"lazy\" decoding=\"async\" width=\"222\" height=\"222\" src=\"https:\/\/kulzer-info.mx\/wp-content\/uploads\/2026\/01\/Icon_crec.jpg\" alt=\"\" class=\"wp-image-5301 size-full\" srcset=\"https:\/\/kulzer-info.mx\/wp-content\/uploads\/2026\/01\/Icon_crec.jpg 222w, https:\/\/kulzer-info.mx\/wp-content\/uploads\/2026\/01\/Icon_crec-150x150.jpg 150w\" sizes=\"auto, (max-width: 222px) 100vw, 222px\" \/><\/figure><div class=\"wp-block-media-text__content\">\n<p class=\"has-medium-font-size\" style=\"font-style:normal;font-weight:400\"><strong>Crecimiento:<\/strong> Premiamos su compromiso con beneficios enfocados en su desarrollo profesional.<\/p>\n<\/div><\/div>\n\n\n\n<p class=\"has-text-color has-link-color has-large-font-size wp-elements-a8874f48ee75f1fd31d1ae64bb502306\" style=\"color:#0f1620;font-style:normal;font-weight:700;letter-spacing:15px\">BENEFICIOS<\/p>\n\n\n\n<p class=\"has-black-color has-text-color has-link-color wp-elements-1738d821a1242a30e8b1beb4b3b92962\" style=\"font-size:18px\"><strong>\u2022 Educaci\u00f3n continua: <\/strong>Acceso gratuito a 2 mesas cl\u00ednicas al a\u00f1o.<br><strong>\u2022 Descuento: <\/strong>10% Incluye equipos<br><strong>\u2022 Lanzamientos anticipados: <\/strong>Ser los primeros en conocer y adquirir nuevos productos.<br><strong>\u2022 Regalos y reconocimientos: <\/strong>Regalo especial en AMIC y Alta t\u00e9cnica (mostrando su membres\u00eda).<br><strong>\u2022 Condiciones preferenciales en env\u00edos: <\/strong>Condiciones de env\u00edo gratis: 3 env\u00edos gratis en CdMx &#8211; For\u00e1neos compra m\u00ednima de $1,300<br><strong>\u2022 Kit de bienvenida: <\/strong>Recibe un kit de bienvenida al realizar tu primer pedido como cliente premier.<br><strong>\u2022 Tarjeta digital personalizada: <\/strong>Que acreditar\u00e1 como miembro Premier.<\/p>\n\n\n\n<p class=\"has-text-color has-link-color has-large-font-size wp-elements-bcd924e74d038c93a4c34a86abae1b5f\" style=\"color:#0f1620;font-style:normal;font-weight:500\">\u00danete a la comunidad PREMIER<\/p>\n\n\n\n<p>El programa est\u00e1 dirigido a odont\u00f3logos generales, especialistas y t\u00e9cnicos dentales en M\u00e9xico que realizan compras constantes o de alto valor. <\/p>\n\n\n\n<p>La membres\u00eda anual tiene un costo de <strong>$600 pesos<\/strong><\/p>\n\n\n\n<div class=\"wp-block-buttons is-content-justification-center is-layout-flex wp-container-core-buttons-is-layout-16018d1d wp-block-buttons-is-layout-flex\">\n<div class=\"wp-block-button has-custom-width wp-block-button__width-75 is-style-outline is-style-outline--2\"><a class=\"wp-block-button__link has-white-color has-text-color has-background has-link-color has-medium-font-size has-text-align-center has-custom-font-size wp-element-button\" href=\"https:\/\/mpago.la\/1eFBdmK\" style=\"border-top-left-radius:19px;border-top-right-radius:19px;border-bottom-left-radius:19px;border-bottom-right-radius:19px;background:radial-gradient(rgb(224,183,121) 42%,rgb(252,231,188) 100%);text-transform:uppercase\" target=\"_blank\" rel=\"noreferrer noopener\"><strong>\u00a1Quiero Ser Miembro Premier!<\/strong><\/a><\/div>\n<\/div>\n\n\n\n<p><\/p>\n","protected":false},"excerpt":{"rendered":"<p>KULZER PREMIERE &#8211; Programa de lealtad<\/p>\n","protected":false},"author":1,"featured_media":5290,"parent":0,"menu_order":5,"comment_status":"closed","ping_status":"closed","template":"","meta":{"footnotes":""},"class_list":["post-5283","page","type-page","status-publish","has-post-thumbnail","hentry"],"_links":{"self":[{"href":"https:\/\/kulzer-info.mx\/index.php\/wp-json\/wp\/v2\/pages\/5283","targetHints":{"allow":["GET"]}}],"collection":[{"href":"https:\/\/kulzer-info.mx\/index.php\/wp-json\/wp\/v2\/pages"}],"about":[{"href":"https:\/\/kulzer-info.mx\/index.php\/wp-json\/wp\/v2\/types\/page"}],"author":[{"embeddable":true,"href":"https:\/\/kulzer-info.mx\/index.php\/wp-json\/wp\/v2\/users\/1"}],"replies":[{"embeddable":true,"href":"https:\/\/kulzer-info.mx\/index.php\/wp-json\/wp\/v2\/comments?post=5283"}],"version-history":[{"count":12,"href":"https:\/\/kulzer-info.mx\/index.php\/wp-json\/wp\/v2\/pages\/5283\/revisions"}],"predecessor-version":[{"id":5304,"href":"https:\/\/kulzer-info.mx\/index.php\/wp-json\/wp\/v2\/pages\/5283\/revisions\/5304"}],"wp:featuredmedia":[{"embeddable":true,"href":"https:\/\/kulzer-info.mx\/index.php\/wp-json\/wp\/v2\/media\/5290"}],"wp:attachment":[{"href":"https:\/\/kulzer-info.mx\/index.php\/wp-json\/wp\/v2\/media?parent=5283"}],"curies":[{"name":"wp","href":"https:\/\/api.w.org\/{rel}","templated":true}]}}