{"id":5238,"date":"2025-12-02T22:56:35","date_gmt":"2025-12-03T03:56:35","guid":{"rendered":"https:\/\/kulzer-info.mx\/?page_id=5238"},"modified":"2026-01-16T11:29:44","modified_gmt":"2026-01-16T16:29:44","slug":"disilicato-de-litio-dos-tecnicas","status":"publish","type":"page","link":"https:\/\/kulzer-info.mx\/index.php\/desarrollando-expertos\/disilicato-de-litio-dos-tecnicas\/","title":{"rendered":"Disilicato de litio &#8211; Dos t\u00e9cnicas"},"content":{"rendered":"\n<p>Mejora tu t\u00e9cnica de estratificaci\u00f3n de masas cer\u00e1micas sobre n\u00facleos de disilicato de litio para obtener restauraciones de m\u00e1xima est\u00e9tica, con una apariencia natural.<\/p>\n\n\n\n<div class=\"wp-block-media-text is-stacked-on-mobile\" style=\"grid-template-columns:39% auto\"><figure class=\"wp-block-media-text__media\"><img loading=\"lazy\" decoding=\"async\" width=\"819\" height=\"1024\" src=\"https:\/\/kulzer-info.mx\/wp-content\/uploads\/2025\/12\/562_Curso_02_19_post-819x1024.jpg\" alt=\"\" class=\"wp-image-5239 size-full\" srcset=\"https:\/\/kulzer-info.mx\/wp-content\/uploads\/2025\/12\/562_Curso_02_19_post-819x1024.jpg 819w, https:\/\/kulzer-info.mx\/wp-content\/uploads\/2025\/12\/562_Curso_02_19_post-240x300.jpg 240w, https:\/\/kulzer-info.mx\/wp-content\/uploads\/2025\/12\/562_Curso_02_19_post-768x960.jpg 768w, https:\/\/kulzer-info.mx\/wp-content\/uploads\/2025\/12\/562_Curso_02_19_post.jpg 1080w\" sizes=\"auto, (max-width: 819px) 100vw, 819px\" \/><\/figure><div class=\"wp-block-media-text__content\">\n<p class=\"has-text-color has-link-color has-medium-font-size wp-elements-14407b89727167edffd0d37935a01891\" style=\"color:#bccf00\"><strong>TPD Abel Villase\u00f1or<\/strong><\/p>\n\n\n\n<p class=\"has-small-font-size\">Ceramista dental con 8 a\u00f1os de experiencia, especialista en carillas dentales y t\u00e9cnicas de estratificaci\u00f3n. Me apasiona brindar servicio<br>de alta calidad y estoy comprometido con la excelencia en la atenci\u00f3n al paciente. Actualmente trabajo para el laboratorio Dental Brunerck.<br><br>&#8211; Conferencista en el Congreso Alta T\u00e9cnica Dental (Alma Mater)<br>&#8211; Autor de articulo \u201cDise\u00f1o de sonrisa\u201d en la revista Alta T\u00e9cnica Dental<br>&#8211; Actualmente es <strong>speaker (KOL) de Kulzer M\u00e9xico<\/strong>.<\/p>\n\n\n\n<p class=\"has-black-color has-pale-cyan-blue-background-color has-text-color has-background has-link-color has-small-font-size wp-elements-5440e4d90952568a7d6262e5604a0ffc\">En este curso trabajaremos con la t\u00e9cnica de estratificaci\u00f3n completa sobre un n\u00facleo de disilicato de litio, con el objetivo de comprender la correcta posici\u00f3n de las masas cer\u00e1micas y reproducir fielmente la naturaleza dental. Posteriormente, abordaremos la t\u00e9cnica de maquillaje de una carilla monol\u00edtica, logrando los matices y tonalidades naturales presentes en los dientes, para alcanzar resultados altamente est\u00e9ticos y funcionales.<\/p>\n<\/div><\/div>\n\n\n\n<p style=\"font-size:25px\"><span style=\"color: #95b600;\">Curso <strong>PRESENCIAL <\/strong><\/span> <\/p>\n\n\n\n<p style=\"font-size:15px\"><strong>Fecha:<\/strong> 19 y 20 de febrero 2026 <strong><br>Duraci\u00f3n:<\/strong>&nbsp;2 d\u00edas \/ 14 horas&nbsp;<br><strong>Horario:<\/strong> 9:00 a 17:00 h<br><strong>Sede:<\/strong>&nbsp;Aula Desarrollando eXpertos Kulzer<br>Homero 527 P3, Col. Polanco, Alc. Miguel Hidalgo, CDMX<br><strong>Dirigido:<\/strong>&nbsp;T\u00e9cnicos Dentales<\/p>\n\n\n\n<div class=\"wp-block-columns is-layout-flex wp-container-core-columns-is-layout-9d6595d7 wp-block-columns-is-layout-flex\">\n<div class=\"wp-block-column is-layout-flow wp-block-column-is-layout-flow\">\n<p class=\"has-text-align-center has-pale-cyan-blue-background-color has-background\"><strong>\u00bfDe qu\u00e9 se trata?<\/strong><\/p>\n\n\n\n<p>Es un un curso creado para imitar la naturaleza dental. \u00a1Estratificar es la base para crear una alta est\u00e9tica y naturalidad!<\/p>\n\n\n\n<p class=\"has-text-align-center has-light-green-cyan-background-color has-background\"><strong>\u00bfQu\u00e9 vas a obtener?<\/strong><\/p>\n\n\n\n<p>Tendr\u00e1s los conocimientos para sorprender a tus dentistas con restauraciones altamente est\u00e9ticas que parecen naturales.<\/p>\n<\/div>\n\n\n\n<div class=\"wp-block-column is-layout-flow wp-block-column-is-layout-flow\">\n<p class=\"has-text-align-center has-pale-pink-background-color has-background\"><strong>\u00bfQu\u00e9 vamos a resolver?<\/strong><\/p>\n\n\n\n<p>Vamos a solucionar problemas de no dar el tono adecuado o que tus trabajos no se vean naturales.<\/p>\n\n\n\n<p class=\"has-text-align-center has-luminous-vivid-amber-background-color has-background\"><strong>\u00bfC\u00f3mo lo vamos a hacer?<\/strong><\/p>\n\n\n\n<p>Con teor\u00eda y pr\u00e1ctica en la que se compartir\u00e1 el mapeo exacto de d\u00f3nde colocar las masas y cu\u00e1les utilizar para lograr gran naturalidad.<\/p>\n<\/div>\n<\/div>\n\n\n\n<p><strong><mark style=\"background-color:rgba(0, 0, 0, 0);color:#bccf00\" class=\"has-inline-color\">Pr\u00e1ctica:<\/mark><\/strong><br>\u2022 Estratificaci\u00f3n de masas sobre un n\u00facleo de disilicato de litio.<br>\u2022 Maquillaje con cer\u00e1micas l\u00edquidas sobre una carilla monol\u00edtica.<\/p>\n\n\n\n<p style=\"font-size:25px\"><span style=\"color: #95b600;\"><strong> $5,000 MN<\/strong> Curso <strong>PRESENCIAL<\/strong><\/span><\/p>\n\n\n\n<div class=\"wp-block-columns is-layout-flex wp-container-core-columns-is-layout-9d6595d7 wp-block-columns-is-layout-flex\">\n<div class=\"wp-block-column is-layout-flow wp-block-column-is-layout-flow\">\n<p><strong><mark style=\"background-color:rgba(0, 0, 0, 0);color:#bccf00\" class=\"has-inline-color\">Incluye:<\/mark><\/strong><br><mark style=\"background-color:rgba(0, 0, 0, 0);color:#bccf00\" class=\"has-inline-color\"><strong>o<\/strong><\/mark> 2 frascos de HeraCeram 750 (20g)<br><mark style=\"background-color:rgba(0, 0, 0, 0);color:#bccf00\" class=\"has-inline-color\"><strong>o<\/strong><\/mark> Coffe Break<br><strong><mark style=\"background-color:rgba(0, 0, 0, 0);color:#bccf00\" class=\"has-inline-color\">o<\/mark><\/strong> Certificado de asistencia<br><strong><mark style=\"background-color:rgba(0, 0, 0, 0);color:#bccf00\" class=\"has-inline-color\">o<\/mark><\/strong> Material para la pr\u00e1ctica<br><strong><mark style=\"background-color:rgba(0, 0, 0, 0);color:#bccf00\" class=\"has-inline-color\">o<\/mark><\/strong> Comida<\/p>\n<\/div>\n\n\n\n<div class=\"wp-block-column is-layout-flow wp-block-column-is-layout-flow\">\n<p><strong>Pagar el curso<\/strong><\/p>\n\n\n\n<p><strong>BBVA <\/strong><br>Cuenta: 4152314476102705<\/p>\n\n\n\n<p><strong>A nombre de Abel Villase\u00f1or<\/strong><\/p>\n<\/div>\n<\/div>\n\n\n\n<p>Al realizar el pago debes enviar tu comprobante por whats al 5580100393<\/p>\n\n\n\n<hr class=\"wp-block-separator has-css-opacity is-style-wide\"\/>\n\n\n\n<div class=\"wp-block-columns is-layout-flex wp-container-core-columns-is-layout-9d6595d7 wp-block-columns-is-layout-flex\">\n<div class=\"wp-block-column is-layout-flow wp-block-column-is-layout-flow\">\n<p class=\"has-small-font-size\"><strong><mark style=\"background-color:rgba(0, 0, 0, 0);color:#bccf00\" class=\"has-inline-color\">Material&nbsp;que debe traer el asistente<\/mark><\/strong><br>\u2022 Loseta h\u00fameda para la cer\u00e1mica<br>\u2022 Pinceles para aplicar cer\u00e1mica del n\u00famero 3 o 6 <br>\u2022 Pincel para maquillar<br>\u2022 Micromotor <br>\u2022 Fresas diamantadas para desgastar cer\u00e1mica <br>\u2022 Disco de hule diamantado<\/p>\n<\/div>\n\n\n\n<div class=\"wp-block-column is-layout-flow wp-block-column-is-layout-flow\">\n<p class=\"has-small-font-size\"><\/p>\n<\/div>\n\n\n\n<div class=\"wp-block-column is-layout-flow wp-block-column-is-layout-flow\">\n<p class=\"has-small-font-size\"><\/p>\n<\/div>\n<\/div>\n\n\n\n<hr class=\"wp-block-separator has-css-opacity is-style-wide\"\/>\n\n\n\n<p id=\"block-778c1d55-ac26-44c0-bae4-6673654703d1\"><strong>Si quieres hacer un pre-registro y que un asesor te contacte, llena el siguiente formulario<\/strong><\/p>\n\n\n\n<hr class=\"wp-block-separator has-css-opacity is-style-wide\"\/>\n\n\n\n<div class=\"wpcf7 no-js\" id=\"wpcf7-f5241-o1\" lang=\"es-ES\" dir=\"ltr\" data-wpcf7-id=\"5241\">\n<div class=\"screen-reader-response\"><p role=\"status\" aria-live=\"polite\" aria-atomic=\"true\"><\/p> <ul><\/ul><\/div>\n<form action=\"\/index.php\/wp-json\/wp\/v2\/pages\/5238#wpcf7-f5241-o1\" method=\"post\" class=\"wpcf7-form init\" aria-label=\"Formulario de contacto\" novalidate=\"novalidate\" data-status=\"init\">\n<fieldset class=\"hidden-fields-container\"><input type=\"hidden\" name=\"_wpcf7\" value=\"5241\" \/><input type=\"hidden\" name=\"_wpcf7_version\" value=\"6.1.5\" \/><input type=\"hidden\" name=\"_wpcf7_locale\" value=\"es_ES\" \/><input type=\"hidden\" name=\"_wpcf7_unit_tag\" value=\"wpcf7-f5241-o1\" \/><input type=\"hidden\" name=\"_wpcf7_container_post\" value=\"0\" \/><input type=\"hidden\" name=\"_wpcf7_posted_data_hash\" value=\"\" \/>\n<\/fieldset>\n<p><label> Nombre<br \/>\n<span class=\"wpcf7-form-control-wrap\" data-name=\"nombre\"><input size=\"40\" maxlength=\"400\" class=\"wpcf7-form-control wpcf7-text wpcf7-validates-as-required\" aria-required=\"true\" aria-invalid=\"false\" value=\"\" type=\"text\" name=\"nombre\" \/><\/span> <\/label>\n<\/p>\n<p><label> Apellido<br \/>\n<span class=\"wpcf7-form-control-wrap\" data-name=\"apellido\"><input size=\"40\" maxlength=\"400\" class=\"wpcf7-form-control wpcf7-text wpcf7-validates-as-required\" aria-required=\"true\" aria-invalid=\"false\" value=\"\" type=\"text\" name=\"apellido\" \/><\/span> <\/label>\n<\/p>\n<p><label> Correo electr\u00f3nico<br \/>\n<span class=\"wpcf7-form-control-wrap\" data-name=\"correo\"><input size=\"40\" maxlength=\"400\" class=\"wpcf7-form-control wpcf7-email wpcf7-validates-as-required wpcf7-text wpcf7-validates-as-email\" aria-required=\"true\" aria-invalid=\"false\" value=\"\" type=\"email\" name=\"correo\" \/><\/span> <\/label>\n<\/p>\n<p><label> Tel\u00e9fono<br \/>\n<span class=\"wpcf7-form-control-wrap\" data-name=\"telefono\"><input size=\"40\" maxlength=\"400\" class=\"wpcf7-form-control wpcf7-tel wpcf7-validates-as-required wpcf7-text wpcf7-validates-as-tel\" aria-required=\"true\" aria-invalid=\"false\" value=\"\" type=\"tel\" name=\"telefono\" \/><\/span> <\/label>\n<\/p>\n<p><label> Ciudad<br \/>\n<span class=\"wpcf7-form-control-wrap\" data-name=\"ciudad\"><input size=\"40\" maxlength=\"400\" class=\"wpcf7-form-control wpcf7-text wpcf7-validates-as-required\" aria-required=\"true\" aria-invalid=\"false\" value=\"\" type=\"text\" name=\"ciudad\" \/><\/span> <\/label>\n<\/p>\n<p><label> Estado<br \/>\n<span class=\"wpcf7-form-control-wrap\" data-name=\"estado\"><select class=\"wpcf7-form-control wpcf7-select wpcf7-validates-as-required\" aria-required=\"true\" aria-invalid=\"false\" name=\"estado\"><option value=\"\">&#8212;Por favor, elige una opci\u00f3n&#8212;<\/option><option value=\"Aguascalientes\">Aguascalientes<\/option><option value=\"Baja California\">Baja California<\/option><option value=\"Baja California Sur\">Baja California Sur<\/option><option value=\"Campeche\">Campeche<\/option><option value=\"Ciudad de M\u00e9xico\">Ciudad de M\u00e9xico<\/option><option value=\"Coahuila\">Coahuila<\/option><option value=\"Colima\">Colima<\/option><option value=\"Chiapas\">Chiapas<\/option><option value=\"Chihuahua\">Chihuahua<\/option><option value=\"Durango\">Durango<\/option><option value=\"Guanajuato\">Guanajuato<\/option><option value=\"Guerrero\">Guerrero<\/option><option value=\"Hidalgo\">Hidalgo<\/option><option value=\"Jalisco\">Jalisco<\/option><option value=\"M\u00e9xico\">M\u00e9xico<\/option><option value=\"Michoac\u00e1n\">Michoac\u00e1n<\/option><option value=\"Morelos\">Morelos<\/option><option value=\"Nayarit\">Nayarit<\/option><option value=\"Nuevo Le\u00f3n\">Nuevo Le\u00f3n<\/option><option value=\"Oaxaca\">Oaxaca<\/option><option value=\"Puebla\">Puebla<\/option><option value=\"Quer\u00e9taro\">Quer\u00e9taro<\/option><option value=\"Quintana Roo\">Quintana Roo<\/option><option value=\"San Luis Potos\u00ed\">San Luis Potos\u00ed<\/option><option value=\"Sinaloa\">Sinaloa<\/option><option value=\"Sonora\">Sonora<\/option><option value=\"Tabasco\">Tabasco<\/option><option value=\"Tamaulipas\">Tamaulipas<\/option><option value=\"Tlaxcala\">Tlaxcala<\/option><option value=\"Veracruz\">Veracruz<\/option><option value=\"Yucat\u00e1n\">Yucat\u00e1n<\/option><option value=\"Zacatecas\">Zacatecas<\/option><\/select><\/span> <\/label>\n<\/p>\n<p><span class=\"wpcf7-form-control-wrap\" data-name=\"interes\"><span class=\"wpcf7-form-control wpcf7-checkbox wpcf7-validates-as-required\"><span class=\"wpcf7-list-item first\"><label><input type=\"checkbox\" name=\"interes[]\" value=\"Informaci\u00f3n para consultorios dentales\" \/><span class=\"wpcf7-list-item-label\">Informaci\u00f3n para consultorios dentales<\/span><\/label><\/span><span class=\"wpcf7-list-item last\"><label><input type=\"checkbox\" name=\"interes[]\" value=\"Informaci\u00f3n para laboratorios dentales\" \/><span class=\"wpcf7-list-item-label\">Informaci\u00f3n para laboratorios dentales<\/span><\/label><\/span><\/span><\/span>\n<\/p>\n<p><span class=\"wpcf7-form-control-wrap\" data-name=\"acepto1\"><span class=\"wpcf7-form-control wpcf7-acceptance optional\"><span class=\"wpcf7-list-item\"><label><input type=\"checkbox\" name=\"acepto1\" value=\"1\" aria-invalid=\"false\" \/><span class=\"wpcf7-list-item-label\">Me gustar\u00eda suscribirme al servicio gratuito de newsletter de Kulzer. (El contenido incluye informaci\u00f3n de productos, noticias de la compa\u00f1\u00eda y la industria, eventos, promociones y ofertas. Los boletines se enviar\u00e1n cada 2-4 semanas).<\/span><\/label><\/span><\/span><\/span>\n<\/p>\n<p><span class=\"wpcf7-form-control-wrap\" data-name=\"acepto2\"><span class=\"wpcf7-form-control wpcf7-acceptance optional\"><span class=\"wpcf7-list-item\"><label><input type=\"checkbox\" name=\"acepto2\" value=\"1\" aria-invalid=\"false\" \/><span class=\"wpcf7-list-item-label\">Estoy de acuerdo que los datos recogidos, as\u00ed como mi comportamiento individual al hacer clic en los enlaces de imagen\/texto, sean utilizados por Kulzer para proporcionarme un contenido individualizado. Puedo cancelar la suscripci\u00f3n o retirar el permiso de seguimiento en cualquier momento en cada newsletter.<\/span><\/label><\/span><\/span><\/span>\n<\/p>\n<p><input class=\"wpcf7-form-control wpcf7-submit has-spinner\" type=\"submit\" value=\"Enviar\" \/>\n<\/p><div class=\"wpcf7-response-output\" aria-hidden=\"true\"><\/div>\n<\/form>\n<\/div>\n\n\n\n\n<p class=\"has-small-font-size\" id=\"block-3fc35513-5639-4ec5-9afb-aa0d7943080c\"><strong>CANCELACIONES<\/strong>&nbsp;<em>Las inscripciones para mesas cl\u00ednicas podr\u00e1n cancelarse hasta una semana antes del evento. Para cursos, la cancelaci\u00f3n podr\u00e1 realizarse hasta dos semanas antes del evento. En caso contrario no se garantiza el reembolso de los montos pagados.<\/em><\/p>\n","protected":false},"excerpt":{"rendered":"<p>Mejora tu t\u00e9cnica de estratificaci\u00f3n de masas cer\u00e1micas sobre n\u00facleos de disilicato de litio para obtener restauraciones de m\u00e1xima est\u00e9tica, con una apariencia natural. TPD Abel Villase\u00f1or Ceramista dental con 8 a\u00f1os de experiencia, especialista en carillas dentales y t\u00e9cnicas de estratificaci\u00f3n. Me apasiona brindar serviciode alta calidad y estoy comprometido con la excelencia en la atenci\u00f3n al paciente. Actualmente [&hellip;]<\/p>\n","protected":false},"author":1,"featured_media":0,"parent":32,"menu_order":0,"comment_status":"closed","ping_status":"closed","template":"","meta":{"footnotes":""},"class_list":["post-5238","page","type-page","status-publish","hentry"],"_links":{"self":[{"href":"https:\/\/kulzer-info.mx\/index.php\/wp-json\/wp\/v2\/pages\/5238","targetHints":{"allow":["GET"]}}],"collection":[{"href":"https:\/\/kulzer-info.mx\/index.php\/wp-json\/wp\/v2\/pages"}],"about":[{"href":"https:\/\/kulzer-info.mx\/index.php\/wp-json\/wp\/v2\/types\/page"}],"author":[{"embeddable":true,"href":"https:\/\/kulzer-info.mx\/index.php\/wp-json\/wp\/v2\/users\/1"}],"replies":[{"embeddable":true,"href":"https:\/\/kulzer-info.mx\/index.php\/wp-json\/wp\/v2\/comments?post=5238"}],"version-history":[{"count":6,"href":"https:\/\/kulzer-info.mx\/index.php\/wp-json\/wp\/v2\/pages\/5238\/revisions"}],"predecessor-version":[{"id":5276,"href":"https:\/\/kulzer-info.mx\/index.php\/wp-json\/wp\/v2\/pages\/5238\/revisions\/5276"}],"up":[{"embeddable":true,"href":"https:\/\/kulzer-info.mx\/index.php\/wp-json\/wp\/v2\/pages\/32"}],"wp:attachment":[{"href":"https:\/\/kulzer-info.mx\/index.php\/wp-json\/wp\/v2\/media?parent=5238"}],"curies":[{"name":"wp","href":"https:\/\/api.w.org\/{rel}","templated":true}]}}