{"id":521,"date":"2016-10-21T16:21:05","date_gmt":"2016-10-21T21:21:05","guid":{"rendered":"http:\/\/kulzer-info.mx\/?page_id=521"},"modified":"2024-07-15T18:09:41","modified_gmt":"2024-07-15T23:09:41","slug":"productos-para-laboratorio","status":"publish","type":"page","link":"https:\/\/kulzer-info.mx\/index.php\/descargas\/productos-para-laboratorio\/","title":{"rendered":"Productos para laboratorio"},"content":{"rendered":"<p><strong><b>Cat\u00e1logo de productos de\u00a0laboratorio<\/b><br \/>\n<\/strong><a href=\"http:\/\/kulzer-info.mx\/wp-content\/uploads\/2019\/07\/Productos_Laboratorio.pdf\" target=\"_blank\" rel=\"noopener noreferrer\">&#8211;\u00a0Descargar<\/a><strong><br \/>\n<\/strong><\/p>\n<p><strong>Composite indirecto<\/strong><br \/>\n<a href=\"http:\/\/kulzer-info.mx\/wp-content\/uploads\/2019\/07\/Sellsheet_signum_ES.pdf\" target=\"_blank\" rel=\"noopener noreferrer\">&#8211; Signum<br \/>\n<\/a><a href=\"http:\/\/kulzer-info.mx\/MKT\/SIGNUM_Composites_MX.pdf\" target=\"_blank\" rel=\"noopener noreferrer\">&#8211; Signum informaci\u00f3n detallada<\/a><br \/>\n<a href=\"http:\/\/kulzer-info.mx\/MKT\/Instructions_Signum_ES.pdf\" target=\"_blank\" rel=\"noopener noreferrer\">&#8211; Instrucciones de uso de signum<\/a><br \/>\n<a href=\"http:\/\/kulzer-info.mx\/wp-content\/uploads\/2019\/07\/Sellsheet_HiLite.pdf\" target=\"_blank\" rel=\"noopener noreferrer\">&#8211; HiLite Power 3D<\/a><\/p>\n<p><strong>Dientes<\/strong><br \/>\n<a href=\"http:\/\/kulzer-info.mx\/wp-content\/uploads\/2019\/07\/Sellsheet_Pala_Premium_ES.pdf\" target=\"_blank\" rel=\"noopener noreferrer\">&#8211; Pemium<br \/>\n<\/a>\u2013\u00a0<a href=\"http:\/\/kulzer-info.mx\/wp-content\/uploads\/2018\/04\/Ajuste-oclusal-de-los-dientes-en-la-protesis-dental-removible.pdf\" target=\"_blank\" rel=\"noopener noreferrer\">Ajuste oclusal de los dientes en la pr\u00f3tesis\u00a0dental removible<\/a><\/p>\n<p>&#8211; <a href=\"http:\/\/kulzer-info.mx\/wp-content\/uploads\/2020\/04\/Sellsheet_Delara_ES.pdf\" target=\"_blank\" rel=\"noopener noreferrer\">Delara<\/a><\/p>\n<p><strong>Cer\u00e1mica\u00a0<\/strong><br \/>\n&#8211; <a href=\"https:\/\/kulzer-info.mx\/MKT\/quickSheet_HeraCeram.pdf\" target=\"_blank\" rel=\"noopener\">HeraCeram<\/a><br \/>\n<a href=\"http:\/\/kulzer-info.mx\/MKT\/HeraCeram_Zirkonia_750.pdf\" target=\"_blank\" rel=\"noopener noreferrer\">&#8211; HeraCeram Zirconia 750<\/a><br \/>\n<a href=\"http:\/\/kulzer-info.mx\/MKT\/HeraCeram_Z750_Instrucciones_Uso.pdf\" target=\"_blank\" rel=\"noopener noreferrer\">&#8212;&#8212; Instrucciones de uso HeraCeram Zirconia 750<\/a><\/p>\n<p>&#8212;&#8212; <a href=\"https:\/\/kulzer-info.mx\/MKT\/eBookKulzer-GiamFornari-HeraCeramZ750.pdf\" target=\"_blank\" rel=\"noopener\">Caso cl\u00ednico -TPD Giam Fornari<\/a><br \/>\n<a href=\"http:\/\/kulzer-info.mx\/MKT\/HeraCeram_Saphir_Catlogo_Producto_ES.pdf\" target=\"_blank\" rel=\"noopener noreferrer\">&#8211; HeraCeram Saphir<\/a><br \/>\n<a href=\"http:\/\/kulzer-info.mx\/MKT\/HeraCeram_Saphir_Gua_Aplicacin_ES.pdf\" target=\"_blank\" rel=\"noopener noreferrer\">&#8212;&#8212; Gu\u00eda de aplicaci\u00f3n HeraCeram Saphir<\/a><br \/>\n&#8211; <a href=\"https:\/\/kulzer-info.mx\/MKT\/HeraCeram_Stains_Universal_Guia_Aplicacion.pdf\" target=\"_blank\" rel=\"noopener\">HeraCeram Stains<\/a><\/p>\n<p><strong>Yesos Tipo IV<\/strong><br \/>\n<a href=\"http:\/\/kulzer-info.mx\/wp-content\/uploads\/2019\/07\/Sellsheet_Yesos_ES.pdf\" target=\"_blank\" rel=\"noopener noreferrer\">&#8211; Moldastone \/ Moldarock \/ Octaflow<\/a><\/p>\n<p><strong>Acr\u00edlicos<\/strong><br \/>\n&#8211; <a href=\"https:\/\/kulzer-info.mx\/MKT\/Sellsheet_PalaXpress_ES.pdf\" target=\"_blank\" rel=\"noopener\">PalaXpress<\/a><br \/>\n&#8212;&#8212; <a href=\"https:\/\/kulzer-info.mx\/MKT\/Instrucciones_PalaXpress.pdf\" target=\"_blank\" rel=\"noopener\">Instrucciones PalaXpress<\/a><br \/>\n&#8211; Pala cre-active<br \/>\n&#8212;&#8211; <a href=\"https:\/\/kulzer-info.mx\/MKT\/Pala_creactive_Gua_ES_web.pdf\" target=\"_blank\" rel=\"noopener\">Gu\u00eda de aplicaci\u00f3n pala cre-active<\/a><br \/>\n&#8211; Palatray<br \/>\n&#8211; Accesorios Pala<br \/>\n&#8211; Palavit G<\/p>\n<p><strong>Aleaciones<\/strong><br \/>\n&#8211; <a href=\"https:\/\/kulzer-info.mx\/MKT\/Sellsheet_Heraenium_MC_ES.pdf\" target=\"_blank\" rel=\"noopener\">Heraenium CE, EH, NF (Libres de n\u00edquel para removibles)<\/a><br \/>\n&#8211; <a href=\"https:\/\/kulzer-info.mx\/MKT\/Sellsheet_Heraenium_S_ES.pdf\" target=\"_blank\" rel=\"noopener\">Heraenium S (Aleaci\u00f3n cer\u00e1mica de cromo-n\u00edquel, libre de berilio)<\/a><\/p>\n<p><strong>Duplicado de modelos<\/strong><br \/>\n&#8211; Heraform<\/p>\n<p><strong>Investimientos<\/strong><br \/>\n&#8211; Heravest M \/ M2000<br \/>\n&#8211; Heravest Press<br \/>\n&#8211; Heravest Speed<br \/>\n&#8211; Heravest Print<br \/>\n&#8211; Moldavest exact<\/p>\n<p><strong>Equipo<\/strong><br \/>\n&#8211; Palajet<br \/>\n&#8211; Palamat<br \/>\n&#8211; HeraCast IQ<\/p>\n<p><strong>Impresora<\/strong><br \/>\n&#8211;\u00a0<a href=\"http:\/\/kulzer-info.mx\/wp-content\/uploads\/2019\/07\/Sellsheet_cara_Print_ES.pdf\" target=\"_blank\" rel=\"noopener noreferrer\">cara Print 4.0<\/a><\/p>\n<p><strong>L\u00edquidos\u00a0para impresora 3D<\/strong><br \/>\n&#8211;\u00a0Dima Print<\/p>\n","protected":false},"excerpt":{"rendered":"<p>Cat\u00e1logo de productos de\u00a0laboratorio &#8211;\u00a0Descargar Composite indirecto &#8211; Signum &#8211; Signum informaci\u00f3n detallada &#8211; Instrucciones de uso de signum &#8211; HiLite Power 3D Dientes &#8211; Pemium \u2013\u00a0Ajuste oclusal de los dientes en la pr\u00f3tesis\u00a0dental removible &#8211; Delara Cer\u00e1mica\u00a0 &#8211; HeraCeram &#8211; HeraCeram Zirconia 750 &#8212;&#8212; Instrucciones de uso HeraCeram Zirconia 750 &#8212;&#8212; Caso cl\u00ednico -TPD Giam Fornari &#8211; HeraCeram Saphir [&hellip;]<\/p>\n","protected":false},"author":1,"featured_media":995,"parent":516,"menu_order":2,"comment_status":"closed","ping_status":"closed","template":"sidebar-page.php","meta":{"footnotes":""},"class_list":["post-521","page","type-page","status-publish","has-post-thumbnail","hentry"],"_links":{"self":[{"href":"https:\/\/kulzer-info.mx\/index.php\/wp-json\/wp\/v2\/pages\/521","targetHints":{"allow":["GET"]}}],"collection":[{"href":"https:\/\/kulzer-info.mx\/index.php\/wp-json\/wp\/v2\/pages"}],"about":[{"href":"https:\/\/kulzer-info.mx\/index.php\/wp-json\/wp\/v2\/types\/page"}],"author":[{"embeddable":true,"href":"https:\/\/kulzer-info.mx\/index.php\/wp-json\/wp\/v2\/users\/1"}],"replies":[{"embeddable":true,"href":"https:\/\/kulzer-info.mx\/index.php\/wp-json\/wp\/v2\/comments?post=521"}],"version-history":[{"count":24,"href":"https:\/\/kulzer-info.mx\/index.php\/wp-json\/wp\/v2\/pages\/521\/revisions"}],"predecessor-version":[{"id":4768,"href":"https:\/\/kulzer-info.mx\/index.php\/wp-json\/wp\/v2\/pages\/521\/revisions\/4768"}],"up":[{"embeddable":true,"href":"https:\/\/kulzer-info.mx\/index.php\/wp-json\/wp\/v2\/pages\/516"}],"wp:featuredmedia":[{"embeddable":true,"href":"https:\/\/kulzer-info.mx\/index.php\/wp-json\/wp\/v2\/media\/995"}],"wp:attachment":[{"href":"https:\/\/kulzer-info.mx\/index.php\/wp-json\/wp\/v2\/media?parent=521"}],"curies":[{"name":"wp","href":"https:\/\/api.w.org\/{rel}","templated":true}]}}