{"id":514,"date":"2016-10-21T16:20:53","date_gmt":"2016-10-21T21:20:53","guid":{"rendered":"http:\/\/kulzer-info.mx\/?page_id=514"},"modified":"2024-05-09T16:40:58","modified_gmt":"2024-05-09T21:40:58","slug":"productos-consultorio","status":"publish","type":"page","link":"https:\/\/kulzer-info.mx\/index.php\/descargas\/productos-consultorio\/","title":{"rendered":"Productos para consultorio"},"content":{"rendered":"<p><b>Cat\u00e1logo de productos de consultorio<\/b><br \/>&#8211; <a href=\"http:\/\/kulzer-info.mx\/wp-content\/uploads\/2019\/07\/Productos_Consultorio.pdf\" target=\"_blank\" rel=\"noopener noreferrer\">Descargar<\/a><\/p>\n<p><strong>Radiograf\u00eda (Rx)<\/strong><br \/>&#8211; <a href=\"http:\/\/kulzer-info.mx\/wp-content\/uploads\/2019\/07\/Sellsheet_Agfa_io_ES.pdf\" target=\"_blank\" rel=\"noopener noreferrer\">Agfa intraoral<\/a><br \/>&#8211; <a href=\"http:\/\/kulzer-info.mx\/wp-content\/uploads\/2019\/07\/Sellsheet_Agfa_eo_ES.pdf\" target=\"_blank\" rel=\"noopener noreferrer\">Agfa extraoral<\/a><br \/>&#8211; <a href=\"https:\/\/kulzer-info.mx\/MKT\/Sellsheet_Agfa_liquids_ES.pdf\">L\u00edquidos Agfa<\/a><br \/>&#8212;<a href=\"http:\/\/kulzer-info.mx\/MKT\/AGFA_Solucion_errores_W.pdf\" target=\"_blank\" rel=\"noopener noreferrer\">&#8211;\u00a0Soluci\u00f3n de errores<\/a><\/p>\n<p><strong>Materiales de Impresi\u00f3n<\/strong><br \/>&#8211; <a href=\"http:\/\/kulzer-info.mx\/wp-content\/uploads\/2019\/07\/Sellsheet_Xaltangin_ES.pdf\" target=\"_blank\" rel=\"noopener noreferrer\">xantALGIN (Alginato)<\/a><\/p>\n<p>&#8211; <a href=\"http:\/\/kulzer-info.mx\/wp-content\/uploads\/2019\/07\/Sellsheet_Optosil_ES.pdf\" target=\"_blank\" rel=\"noopener noreferrer\">Optosil \/ Xantopren (Silic\u00f3n por condensaci\u00f3n)<\/a><\/p>\n<p>&#8211; <a href=\"http:\/\/kulzer-info.mx\/wp-content\/uploads\/2019\/07\/Sellsheet_Provil_ES.pdf\" target=\"_blank\" rel=\"noopener noreferrer\">Provil Novo (Silic\u00f3n por adici\u00f3n)<\/a><\/p>\n<p>&#8211; <a href=\"http:\/\/kulzer-info.mx\/wp-content\/uploads\/2019\/07\/Sellsheet_Memosil_ES.pdf\" target=\"_blank\" rel=\"noopener noreferrer\">Memosil 2 (Silic\u00f3n por adici\u00f3n transparente)<\/a><br \/>&#8212;- <a href=\"http:\/\/kulzer-info.mx\/MKT\/eBook_Tecnica_indice.pdf\" target=\"_blank\" rel=\"noopener noreferrer\">La \u201cT\u00e9cnica de \u00edndice (llaves)\u201d en dentici\u00f3n desgastada \/ Dr. Riccardo Ammannato<\/a><\/p>\n<p>&#8211; <a href=\"http:\/\/kulzer-info.mx\/wp-content\/uploads\/2019\/07\/Sellsheet_Variotime_Memosil_ES.pdf\" target=\"_blank\" rel=\"noopener noreferrer\">Variotime (Silic\u00f3n por adici\u00f3n)<\/a><br \/>&#8212;- <a href=\"http:\/\/kulzer-info.mx\/MKT\/Variotime_Tips_1Paso.pdf\" target=\"_blank\" rel=\"noopener noreferrer\">Tips y trucos Variotime \u00abT\u00e9cnica de un solo paso\u00bb<\/a><br \/>&#8212;- <a href=\"http:\/\/kulzer-info.mx\/MKT\/Variotime_Tips_2Pasos.pdf\" target=\"_blank\" rel=\"noopener noreferrer\">Tips y Trucos Variotime \u00abT\u00e9cnica 2 pasos\u00bb<br \/><\/a>&#8212;- <a href=\"http:\/\/kulzer-info.mx\/MKT\/02_Testimonial_Variotime.pdf\" target=\"_blank\" rel=\"noopener noreferrer\">Testimonios del uso de Variotime<\/a><br \/>&#8212;\u2013 <a href=\"http:\/\/kulzer-info.mx\/MKT\/03%20Ulf%20Krueger%20MX.pdf\" target=\"_blank\" rel=\"noopener noreferrer\" data-wplink-edit=\"true\">Importancia de la impresi\u00f3n en la elevaci\u00f3n de la dimensi\u00f3n vertical de la oclusi\u00f3n<\/a><br \/>&#8212;\u2013 <a href=\"http:\/\/kulzer-info.mx\/MKT\/04%20Giomara%20Cabras%20MX.pdf\" target=\"_blank\" rel=\"noopener noreferrer\">Resoluci\u00f3n mediante restauraci\u00f3n de la funci\u00f3n y la est\u00e9tica de un 1er molar superior<\/a><br \/>&#8212;\u2013 <a href=\"http:\/\/kulzer-info.mx\/MKT\/05%20Luca%20Casula%20MX.pdf\" target=\"_blank\" rel=\"noopener noreferrer\">Rehabilitaci\u00f3n prot\u00e9sica de dos incisivos centrales con la t\u00e9cnica B.O.P.T.<\/a><br \/>&#8212;\u2013 <a href=\"http:\/\/kulzer-info.mx\/MKT\/17%20Remodelacion-Cosmetica_Brasil.pdf\" target=\"_blank\" rel=\"noopener noreferrer\">Remodelaci\u00f3n cosm\u00e9tica de la sonrisa con carillas cer\u00e1micas debido a desgaste patol\u00f3gico de los dientes<\/a><br \/>&#8212;\u2013 <a href=\"http:\/\/kulzer-info.mx\/MKT\/18%20Procedimientos-esteticos-conservadores-cambios-color_Brasil.pdf\" target=\"_blank\" rel=\"noopener noreferrer\">Procedimientos est\u00e9ticos conservadores para la restauraci\u00f3n de dientes anteriores desvitalizados con cambios severos de color<\/a><br \/>&#8212;\u2013 <a href=\"http:\/\/kulzer-info.mx\/MKT\/23_Carillas_ceramica_Brasil.pdf\" target=\"_blank\" rel=\"noopener noreferrer\">Carillas de cer\u00e1mica para el tratamiento de decoloraci\u00f3n dental y mejora periodontal<\/a><br \/>&#8211; Variotime Bite (Silic\u00f3n por adici\u00f3n)<a href=\"http:\/\/kulzer-info.mx\/MKT\/Variotime_Tips_2Pasos.pdf\" target=\"_blank\" rel=\"noopener noreferrer\"><br \/><\/a>&#8211; Dymamix Speed (Mezcladora de silic\u00f3n)<em><br \/><\/em><\/p>\n<p><strong>Desensibilizante<\/strong><em><br \/><\/em>&#8211; <a href=\"http:\/\/kulzer-info.mx\/wp-content\/uploads\/2019\/07\/Sellsheet_Desensitizer_ES.pdf\" target=\"_blank\" rel=\"noopener noreferrer\">GLUMA Desensitizer<br \/><\/a>&#8212;-<a href=\"http:\/\/kulzer-info.mx\/MKT\/Tips_GLUMA_Desensitizer_ES.pdf\" target=\"_blank\" rel=\"noopener noreferrer\"> Tips y Trucos GLUMA Desensitizer<\/a><br \/>&#8212;- <a href=\"http:\/\/kulzer-info.mx\/MKT\/Aplicacion_Desensitizer.png\" target=\"_blank\" rel=\"noopener noreferrer\">Gu\u00eda r\u00e1pida de aplicaci\u00f3n<\/a><\/p>\n<p><strong>Adhesivos<\/strong><br \/>&#8211; <a href=\"http:\/\/kulzer-info.mx\/wp-content\/uploads\/2019\/07\/Sellsheet_Gluma_2Bond_ES.pdf\" target=\"_blank\" rel=\"noopener noreferrer\">GLUMA 2Bond<\/a><\/p>\n<p><a href=\"http:\/\/kulzer-info.mx\/wp-content\/uploads\/2019\/07\/Sellsheet_Adhesives_ES.pdf\" target=\"_blank\" rel=\"noopener noreferrer\">&#8211; GLUMA Bond Universal<\/a><br \/>&#8212;- <a href=\"https:\/\/kulzer-info.mx\/MKT\/GLUMA_Bond_Universal_Fuerza_adhesion_ceramica_vidrio.pdf\" target=\"_blank\" rel=\"noopener\">Estudio: Fuerza de adhesi\u00f3n a la cer\u00e1mica de vidrio<\/a><br \/>&#8212;- <a href=\"http:\/\/kulzer-info.mx\/wp-content\/uploads\/2020\/02\/ReparacionIntraoralDisilicato.pdf\" target=\"_blank\" rel=\"noopener\">Reparaci\u00f3n intraoral de una incrustaci\u00f3n de disilicato<\/a><\/p>\n<p><strong>Cementos<\/strong><br \/>&#8211; <a href=\"http:\/\/kulzer-info.mx\/wp-content\/uploads\/2019\/07\/Sellsheet_iCem_ES.pdf\" target=\"_blank\" rel=\"noopener noreferrer\">iCem (Cemento dual)<\/a><\/p>\n<p><strong>Composites<\/strong><br \/><span style=\"color: #000000;\"><em>&#8211; <a style=\"color: #000000;\" href=\"http:\/\/kulzer-info.mx\/wp-content\/uploads\/2019\/07\/Sellsheet_Charisma_Classic_ES.pdf\" target=\"_blank\" rel=\"noopener noreferrer\">Charisma Classic<\/a><\/em><\/span><br \/>&#8212;- Estudios cient\u00edficos<br \/>&#8212;&#8212; <a href=\"https:\/\/kulzer-info.mx\/MKT\/Estudioclinico-Charisma_Classic_Turquia.pdf\" target=\"_blank\" rel=\"noopener\">Rendimiento cl\u00ednico Charisma Classic<\/a><br \/>&#8212;&#8212; <a href=\"https:\/\/kulzer-info.mx\/MKT\/Estudio_Charisma_Classic_AdaptacionColor.pdf\" target=\"_blank\" rel=\"noopener\">Comparaci\u00f3n de la adaptaci\u00f3n al color<\/a><br \/><span style=\"color: #000000;\"><em>&#8211; <a style=\"color: #000000;\" href=\"http:\/\/kulzer-info.mx\/wp-content\/uploads\/2019\/07\/Sellsheet_Charisma_Diamond_ES.pdf\" target=\"_blank\" rel=\"noopener noreferrer\">Charisma Diamond<\/a>\u00a0<\/em><\/span><br \/>&#8212;- Caso cl\u00ednicos<br \/>&#8212;&#8212;&#8211; <a href=\"https:\/\/kulzer-info.mx\/MKT\/CasoClinico_Recontorno-Cosmetico-Dra_Camila_Centenaro_MX.pdf\" target=\"_blank\" rel=\"noopener\">Recontorno cosm\u00e9tico \/ Camila Centenaro \/ Brasil<\/a><br \/>&#8212;&#8212;&#8211; <a href=\"https:\/\/kulzer-info.mx\/wp-content\/uploads\/2022\/01\/Restauraciones_dientes_anteriores_traumatizados_Dra_Waleska_Marin.pdf\" target=\"_blank\" rel=\"noopener\">Restauraciones en dientes traumatizados\u00a0 \/ Waleska Marin\u00a0 \/ Brasil<\/a><br \/>&#8211; <a href=\"https:\/\/kulzer-info.mx\/MKT\/Informacion_Charisma_ONE.pdf\" target=\"_blank\" rel=\"noopener\"><em>Charisma Diamond ONE<\/em><\/a><br \/><span style=\"color: #000000;\"><em><a style=\"color: #000000;\" href=\"http:\/\/kulzer-info.mx\/wp-content\/uploads\/2019\/07\/Sellsheet_Charisma_Topaz_ES.pdf\" target=\"_blank\" rel=\"noopener noreferrer\">&#8211; Charisma\u00a0Topaz<\/a><\/em><\/span><br \/>&#8211; <em><a href=\"https:\/\/kulzer-info.mx\/MKT\/Sellsheet_Charisma_OpalFlow_ES.pdf\" target=\"_blank\" rel=\"noopener\">Charisma Opal Flow<\/a><\/em><\/p>\n<p><strong>Fresas<\/strong><br \/><a href=\"http:\/\/kulzer-info.mx\/wp-content\/uploads\/2019\/07\/Sellsheet_Burs_ES.pdf\" target=\"_blank\" rel=\"noopener noreferrer\">&#8211; Fresas de diamante<\/a><\/p>\n<p><strong>Grapas<\/strong><br \/>&#8211; <a href=\"http:\/\/kulzer-info.mx\/MKT\/Sellsheet_Ivory.pdf\" target=\"_blank\" rel=\"noopener noreferrer\">Ivory<\/a><\/p>\n<p><strong>Jeringa y agujas para\u00a0<\/strong><b>anestesia<\/b><br \/><a href=\"http:\/\/kulzer-info.mx\/MKT\/Sellsheet_Sopira_ES.pdf\" target=\"_blank\" rel=\"noopener noreferrer\">&#8211; Sopira Carpule &#8211; La original<\/a><\/p>\n<p><strong>L\u00e1mparas para polimerizar<\/strong><br \/><a href=\"http:\/\/kulzer-info.mx\/wp-content\/uploads\/2019\/07\/Sellsheet_TransluxWave_ES.pdf\" target=\"_blank\" rel=\"noopener noreferrer\">&#8211; Translux Wave<\/a><br \/><a href=\"https:\/\/kulzer-info.mx\/MKT\/Sellsheet_Translux2Wave_ES.pdf\" target=\"_blank\" rel=\"noopener\">&#8211; Translux 2Wave<\/a><\/p>\n<p><strong>Barrera protectora<\/strong><br \/><a href=\"http:\/\/kulzer-info.mx\/MKT\/CristalCare.pdf\" target=\"_blank\" rel=\"noopener noreferrer\">&#8211;\u00a0Cristal care<\/a><\/p>\n\n\n<p><\/p>\n","protected":false},"excerpt":{"rendered":"<p>Cat\u00e1logo de productos de consultorio&#8211; Descargar Radiograf\u00eda (Rx)&#8211; Agfa intraoral&#8211; Agfa extraoral&#8211; L\u00edquidos Agfa&#8212;&#8211;\u00a0Soluci\u00f3n de errores Materiales de Impresi\u00f3n&#8211; xantALGIN (Alginato) &#8211; Optosil \/ Xantopren (Silic\u00f3n por condensaci\u00f3n) &#8211; Provil Novo (Silic\u00f3n por adici\u00f3n) &#8211; Memosil 2 (Silic\u00f3n por adici\u00f3n transparente)&#8212;- La \u201cT\u00e9cnica de \u00edndice (llaves)\u201d en dentici\u00f3n desgastada \/ Dr. Riccardo Ammannato &#8211; Variotime (Silic\u00f3n por adici\u00f3n)&#8212;- Tips y [&hellip;]<\/p>\n","protected":false},"author":1,"featured_media":994,"parent":516,"menu_order":1,"comment_status":"closed","ping_status":"closed","template":"","meta":{"footnotes":""},"class_list":["post-514","page","type-page","status-publish","has-post-thumbnail","hentry"],"_links":{"self":[{"href":"https:\/\/kulzer-info.mx\/index.php\/wp-json\/wp\/v2\/pages\/514","targetHints":{"allow":["GET"]}}],"collection":[{"href":"https:\/\/kulzer-info.mx\/index.php\/wp-json\/wp\/v2\/pages"}],"about":[{"href":"https:\/\/kulzer-info.mx\/index.php\/wp-json\/wp\/v2\/types\/page"}],"author":[{"embeddable":true,"href":"https:\/\/kulzer-info.mx\/index.php\/wp-json\/wp\/v2\/users\/1"}],"replies":[{"embeddable":true,"href":"https:\/\/kulzer-info.mx\/index.php\/wp-json\/wp\/v2\/comments?post=514"}],"version-history":[{"count":46,"href":"https:\/\/kulzer-info.mx\/index.php\/wp-json\/wp\/v2\/pages\/514\/revisions"}],"predecessor-version":[{"id":4755,"href":"https:\/\/kulzer-info.mx\/index.php\/wp-json\/wp\/v2\/pages\/514\/revisions\/4755"}],"up":[{"embeddable":true,"href":"https:\/\/kulzer-info.mx\/index.php\/wp-json\/wp\/v2\/pages\/516"}],"wp:featuredmedia":[{"embeddable":true,"href":"https:\/\/kulzer-info.mx\/index.php\/wp-json\/wp\/v2\/media\/994"}],"wp:attachment":[{"href":"https:\/\/kulzer-info.mx\/index.php\/wp-json\/wp\/v2\/media?parent=514"}],"curies":[{"name":"wp","href":"https:\/\/api.w.org\/{rel}","templated":true}]}}