{"id":4221,"date":"2022-06-24T15:03:24","date_gmt":"2022-06-24T20:03:24","guid":{"rendered":"https:\/\/kulzer-info.mx\/?page_id=4221"},"modified":"2026-01-16T17:50:05","modified_gmt":"2026-01-16T22:50:05","slug":"eventos-villa-de-cortes","status":"publish","type":"page","link":"https:\/\/kulzer-info.mx\/index.php\/desarrollando-expertos\/eventos-villa-de-cortes\/","title":{"rendered":"Eventos Villa de Cort\u00e9s"},"content":{"rendered":"\n<p>Desarrollando eXpertos es la plataforma de Kulzer donde todos los profesionales dentales pueden encontrar educaci\u00f3n continua a su medida.<\/p>\n\n\n\n<p>En los eventos en el Dep\u00f3sito Dental<strong> \u00abVilla de Cort\u00e9s<\/strong> <strong><em>PRESENCIALES<\/em><\/strong>\u00bb debes confirmar tu asistencia con la Dra. AnaE Balderas dando click <a rel=\"noreferrer noopener\" href=\"https:\/\/wa.link\/g1912h\" data-type=\"URL\" data-id=\"https:\/\/wa.link\/g1912h\" target=\"_blank\"><strong>aqu\u00ed<\/strong><\/a><\/p>\n\n\n\n<p>En los eventos <strong>VIRTUALES<\/strong> reg\u00edstrate en el link de cada evento, son GRATIS <\/p>\n\n\n\n<p class=\"has-large-font-size\"><span style=\"\"><strong style=\"color: rgb(145, 155, 14);\">WEBINARS GRATIS <\/strong><\/span><\/p>\n\n\n\n<p class=\"has-black-color has-text-color has-background\" style=\"background-color:#f3f3f3;font-size:15px\"><strong><em><a href=\"https:\/\/attendee.gotowebinar.com\/register\/2964072695010339927\" target=\"_blank\" rel=\"noreferrer noopener\">Carillas estratificadas<\/a><\/em><\/strong> &#8211; 12:00 pm<br>Aprende como realizar restauraciones b\u00e1sicas en posteriores con un solo tono y restauraciones altamente est\u00e9ticas en anteriores con distintas opacidades.<br>\u00a0<strong><strong><mark style=\"background-color:rgba(0, 0, 0, 0)\" class=\"has-inline-color has-black-color\">\u25a0<\/mark><\/strong><\/strong> <strong><em>17 de marzo<\/em><\/strong><\/p>\n\n\n\n<p class=\"has-black-color has-text-color\" style=\"font-size:15px\"><strong><em><a href=\"https:\/\/attendee.gotowebinar.com\/register\/1623008258217091928\" target=\"_blank\" rel=\"noreferrer noopener\">Carillas Inyectadas<\/a><\/em><\/strong> &#8211; 12:00 pm<br>Ampl\u00eda tus posibilidades con la t\u00e9cnica de carillas inyectadas: Personaliza tus carillas y crea sonrisas \u00fanicas y est\u00e9ticas para cada paciente.<br>\u00a0<strong><strong><mark style=\"background-color:rgba(0, 0, 0, 0)\" class=\"has-inline-color has-black-color\">\u25a0<\/mark><\/strong><\/strong> <strong><em>16 de junio<\/em><\/strong><\/p>\n\n\n\n<p class=\"has-black-color has-text-color has-background\" style=\"background-color:#f3f3f3;font-size:15px\"><a href=\"https:\/\/attendee.gotowebinar.com\/register\/2261430888792653405\" target=\"_blank\" rel=\"noreferrer noopener\"><em><strong>Restauraciones indirectas con Signum <\/strong><\/em><\/a> &#8211; 12:00 pm<br>Conocer la resina signum como opci\u00f3n est\u00e9tica para hacer restauraciones indirectas.<br>\u00a0<strong><strong><mark style=\"background-color:rgba(0, 0, 0, 0)\" class=\"has-inline-color has-black-color\">\u25a0<\/mark><\/strong><\/strong> <strong><em>21 de julio<\/em><\/strong><\/p>\n\n\n\n<p class=\"has-black-color has-text-color\" style=\"font-size:15px\"><a href=\"https:\/\/attendee.gotowebinar.com\/register\/8944898080136581984\" target=\"_blank\" rel=\"noreferrer noopener\"><em><strong>Consejos en la toma de impresiones con Demostraci\u00f3n en vivo<\/strong><\/em><\/a> &#8211; 12:00 pm<br>Compartimos diferentes tips para mejorar tus impresiones el las restauraciones, adem\u00e1s con demo en vivo<br>\u00a0<strong><strong><mark style=\"background-color:rgba(0, 0, 0, 0)\" class=\"has-inline-color has-black-color\">\u25a0<\/mark><\/strong><\/strong> <strong><em>25 de agosto<\/em><\/strong><\/p>\n\n\n\n<p class=\"has-black-color has-text-color has-background\" style=\"background-color:#f3f3f3;font-size:15px\"><strong><em><a href=\"https:\/\/attendee.gotowebinar.com\/register\/726324639929995098\" target=\"_blank\" rel=\"noreferrer noopener\">Carillas estratificadas<\/a><\/em><\/strong> &#8211; 12:00 pm<br>Aprende como realizar restauraciones b\u00e1sicas en posteriores con un solo tono y restauraciones altamente est\u00e9ticas en anteriores con distintas opacidades.<br>\u00a0<strong><strong><mark style=\"background-color:rgba(0, 0, 0, 0)\" class=\"has-inline-color has-black-color\">\u25a0<\/mark><\/strong><\/strong> <strong><em>6 de octubre<\/em><\/strong><\/p>\n\n\n\n<p class=\"has-black-color has-text-color\" style=\"font-size:15px\"><strong><em><a href=\"https:\/\/attendee.gotowebinar.com\/register\/6144819096681578326\" target=\"_blank\" rel=\"noreferrer noopener\">Carillas Inyectadas<\/a><\/em><\/strong> &#8211; 12:00 pm<br>Ampl\u00eda tus posibilidades con la t\u00e9cnica de carillas inyectadas: Personaliza tus carillas y crea sonrisas \u00fanicas y est\u00e9ticas para cada paciente.<br>\u00a0<strong><strong><mark style=\"background-color:rgba(0, 0, 0, 0)\" class=\"has-inline-color has-black-color\">\u25a0<\/mark><\/strong><\/strong> <strong><em>17 de noviembre<\/em><\/strong><\/p>\n\n\n\n<p class=\"has-black-color has-text-color\" style=\"font-size:15px\"><strong><em>Elevaci\u00f3n del margen cervical<\/em><\/strong> &#8211; 12:00 pm<br>Conoce alternativas novedosas para restaurar casos complejos con resinas.<br>&nbsp;<strong><strong><mark style=\"background-color:rgba(0, 0, 0, 0)\" class=\"has-inline-color has-black-color\">\u25a0<\/mark><\/strong><\/strong> <strong><em>Pr\u00f3ximamente<\/em><\/strong><\/p>\n\n\n\n<p class=\"has-large-font-size\"><span style=\"\"><strong style=\"color: rgb(145, 155, 14);\"> MESAS CL\u00cdNICAS PRESENCIALES   <\/strong><\/span><\/p>\n\n\n\n<p class=\"has-small-font-size\">En los eventos <strong>\u00abVilla de Cort\u00e9s<\/strong> <strong><em>PRESENCIALES<\/em><\/strong>\u00bb debes confirmar tu asistencia con la Dra. AnaE Balderas dando click <a rel=\"noreferrer noopener\" href=\"https:\/\/wa.link\/g1912h\" target=\"_blank\"><strong>aqu\u00ed<\/strong><\/a><\/p>\n\n\n\n<p style=\"font-size:15px\"><strong>D\u00eda Kulzer<\/strong>&#8211; 10:00 &#8211; 14:00 hr<strong><em><br><\/em><\/strong>Visita Villa de Cort\u00e9s tendremos sorpresas<br><mark style=\"background-color:#bccf00\" class=\"has-inline-color has-black-color\"><strong><strong><mark style=\"background-color:rgba(0, 0, 0, 0);color:#a4b606\" class=\"has-inline-color\"><strong>\u25a0<\/strong><\/mark><\/strong> 3 de febrero<\/strong><\/mark><\/p>\n\n\n\n<p style=\"font-size:15px\"><strong>Carillas estratificadas <\/strong> &#8211; 10:00 &#8211; 14:00 hr<strong><em><br><\/em><\/strong>Aprende como realizar restauraciones b\u00e1sicas en posteriores con un solo tono y restauraciones altamente est\u00e9ticas en anteriores con distintas opacidades.<br><mark style=\"background-color:#bccf00\" class=\"has-inline-color has-black-color\"><strong><strong><mark style=\"background-color:rgba(0, 0, 0, 0);color:#a4b606\" class=\"has-inline-color\"><strong>\u25a0<\/strong><\/mark><\/strong> 24 de marzo <\/strong><\/mark><\/p>\n\n\n\n<p style=\"font-size:15px\"><strong>Carillas inyectadas <\/strong> &#8211; 10:00 &#8211; 14:00 hr<strong><em><br><\/em><\/strong>Aprende una t\u00e9cnica de carillas inyectadas y transforma tu pr\u00e1ctica dental. Esta mesa cl\u00ednica te ense\u00f1ar\u00e1 a realizar carillas directas de composite de alta est\u00e9tica, optimizando el tiempo de tratamiento y ampliando tu oferta de servicios.<br><mark style=\"background-color:#bccf00\" class=\"has-inline-color has-black-color\"><strong><strong><mark style=\"background-color:rgba(0, 0, 0, 0);color:#a4b606\" class=\"has-inline-color\"><strong>\u25a0<\/strong><\/mark><\/strong> 23 de junio <\/strong><\/mark><\/p>\n\n\n\n<p class=\"has-white-background-color has-background\" style=\"font-size:15px\"><strong>Restauraciones indirectas con Signum<\/strong> &#8211; 10:00 &#8211; 14:00 hr<br>Curso para aprender a realizar restauraciones libres de metal con SIGNUM. Desde un estratificado b\u00e1sico hasta el pulido al alto brillo. Se ver\u00e1n en el curso consejos pr\u00e1cticos y teor\u00eda.<br><mark style=\"background-color:#bccf00\" class=\"has-inline-color has-black-color\"><strong><strong><mark style=\"background-color:rgba(0, 0, 0, 0);color:#a4b606\" class=\"has-inline-color\"><strong>\u25a0<\/strong><\/mark><\/strong> 28 de julio<\/strong> <\/mark><\/p>\n\n\n\n<p style=\"font-size:15px\"><strong>D\u00eda Kulzer<\/strong>&#8211; 10:00 &#8211; 14:00 hr<strong><em><br><\/em><\/strong>Visita Villa de Cort\u00e9s tendremos sorpresas<br><mark style=\"background-color:#bccf00\" class=\"has-inline-color has-black-color\"><strong><strong><mark style=\"background-color:rgba(0, 0, 0, 0);color:#a4b606\" class=\"has-inline-color\"><strong>\u25a0<\/strong><\/mark><\/strong> 22 de septiembre<\/strong><\/mark><\/p>\n\n\n\n<p style=\"font-size:15px\"><strong>Carillas estratificadas <\/strong> &#8211; 10:00 &#8211; 14:00 hr<strong><em><br><\/em><\/strong>Aprende como realizar restauraciones b\u00e1sicas en posteriores con un solo tono y restauraciones altamente est\u00e9ticas en anteriores con distintas opacidades.<br><mark style=\"background-color:#bccf00\" class=\"has-inline-color has-black-color\"><strong><strong><mark style=\"background-color:rgba(0, 0, 0, 0);color:#a4b606\" class=\"has-inline-color\"><strong>\u25a0<\/strong><\/mark><\/strong> 27 de octubre <\/strong><\/mark><\/p>\n\n\n\n<p style=\"font-size:15px\"><strong>Carillas inyectadas <\/strong> &#8211; 10:00 &#8211; 14:00 hr<strong><em><br><\/em><\/strong>Aprende una t\u00e9cnica de carillas inyectadas y transforma tu pr\u00e1ctica dental. Esta mesa cl\u00ednica te ense\u00f1ar\u00e1 a realizar carillas directas de composite de alta est\u00e9tica, optimizando el tiempo de tratamiento y ampliando tu oferta de servicios.<br><mark style=\"background-color:#bccf00\" class=\"has-inline-color has-black-color\"><strong><strong><mark style=\"background-color:rgba(0, 0, 0, 0);color:#a4b606\" class=\"has-inline-color\"><strong>\u25a0<\/strong><\/mark><\/strong> 24 de noviembre <\/strong><\/mark><\/p>\n\n\n\n<p class=\"has-white-background-color has-background\" style=\"font-size:15px\"><em><strong>Elevaci\u00f3n del margen cervical<\/strong><\/em><strong><em> <\/em><\/strong>&#8211; 10:00 &#8211; 14:00 hr<strong><em><br><\/em><\/strong>Conoce alternativas novedosas para restaurar casos complejos con resinas.<br><mark style=\"background-color:#bccf00\" class=\"has-inline-color has-black-color\"><strong> <strong><mark style=\"background-color:rgba(0, 0, 0, 0);color:#a4b606\" class=\"has-inline-color\"><strong>\u25a0<\/strong><\/mark><\/strong> 2026<\/strong>  <\/mark><\/p>\n\n\n\n<p><\/p>\n","protected":false},"excerpt":{"rendered":"<p>Desarrollando eXpertos es la plataforma de Kulzer donde todos los profesionales dentales pueden encontrar educaci\u00f3n continua a su medida. En los eventos en el Dep\u00f3sito Dental \u00abVilla de Cort\u00e9s PRESENCIALES\u00bb debes confirmar tu asistencia con la Dra. AnaE Balderas dando click aqu\u00ed En los eventos VIRTUALES reg\u00edstrate en el link de cada evento, son GRATIS WEBINARS GRATIS Carillas estratificadas &#8211; [&hellip;]<\/p>\n","protected":false},"author":1,"featured_media":997,"parent":32,"menu_order":9,"comment_status":"closed","ping_status":"closed","template":"","meta":{"footnotes":""},"class_list":["post-4221","page","type-page","status-publish","has-post-thumbnail","hentry"],"_links":{"self":[{"href":"https:\/\/kulzer-info.mx\/index.php\/wp-json\/wp\/v2\/pages\/4221","targetHints":{"allow":["GET"]}}],"collection":[{"href":"https:\/\/kulzer-info.mx\/index.php\/wp-json\/wp\/v2\/pages"}],"about":[{"href":"https:\/\/kulzer-info.mx\/index.php\/wp-json\/wp\/v2\/types\/page"}],"author":[{"embeddable":true,"href":"https:\/\/kulzer-info.mx\/index.php\/wp-json\/wp\/v2\/users\/1"}],"replies":[{"embeddable":true,"href":"https:\/\/kulzer-info.mx\/index.php\/wp-json\/wp\/v2\/comments?post=4221"}],"version-history":[{"count":49,"href":"https:\/\/kulzer-info.mx\/index.php\/wp-json\/wp\/v2\/pages\/4221\/revisions"}],"predecessor-version":[{"id":5280,"href":"https:\/\/kulzer-info.mx\/index.php\/wp-json\/wp\/v2\/pages\/4221\/revisions\/5280"}],"up":[{"embeddable":true,"href":"https:\/\/kulzer-info.mx\/index.php\/wp-json\/wp\/v2\/pages\/32"}],"wp:featuredmedia":[{"embeddable":true,"href":"https:\/\/kulzer-info.mx\/index.php\/wp-json\/wp\/v2\/media\/997"}],"wp:attachment":[{"href":"https:\/\/kulzer-info.mx\/index.php\/wp-json\/wp\/v2\/media?parent=4221"}],"curies":[{"name":"wp","href":"https:\/\/api.w.org\/{rel}","templated":true}]}}