{"id":32,"date":"2016-01-15T14:43:19","date_gmt":"2016-01-15T19:43:19","guid":{"rendered":"http:\/\/kulzer-info.mx\/?page_id=32"},"modified":"2026-05-12T15:06:25","modified_gmt":"2026-05-12T20:06:25","slug":"desarrollando-expertos","status":"publish","type":"page","link":"https:\/\/kulzer-info.mx\/index.php\/desarrollando-expertos\/","title":{"rendered":"Cursos"},"content":{"rendered":"\n<p class=\"p1\">Desarrollando eXpertos es la plataforma de Kulzer donde todos los profesionales dentales pueden encontrar&nbsp;educaci\u00f3n continua a su medida. <\/p>\n\n\n\n<p class=\"has-medium-font-size\"><span style=\"color: #919b0e;\"><strong>MAYO<\/strong><\/span><\/p>\n\n\n\n<p class=\"has-medium-font-size\"><span style=\"color: #919b0e;\"><strong>JUNIO<\/strong><\/span><\/p>\n\n\n\n<p class=\"has-background\" style=\"background-color:#f2f5cc;font-size:15px\"><strong><mark style=\"background-color:#bccf00\" class=\"has-inline-color has-black-color\"> <strong><mark style=\"background-color:#bccf00\" class=\"has-inline-color has-black-color\"><strong><mark style=\"background-color:#bccf00\" class=\"has-inline-color has-black-color\"><strong><mark style=\"background-color:#bccf00\" class=\"has-inline-color has-black-color\"><strong><mark style=\"background-color:#bccf00\" class=\"has-inline-color has-black-color\">2026<\/mark><\/strong><\/mark><\/strong><\/mark><\/strong><\/mark><\/strong> <\/mark><\/strong> \/ 10:00 am<br><strong>CURSO<\/strong> &#8211;<strong><em><a href=\"https:\/\/kulzer-info.mx\/index.php\/desarrollando-expertos\/prosto-keys-de-lo-complicado-a-lo-exitoso\/\" data-type=\"page\" data-id=\"4432\" target=\"_blank\" rel=\"noreferrer noopener\"> Prosto Keys<\/a><br><\/em>Dr. Alejandro Quiroz<\/strong><br>Te invitamos a nuestro CURSO TALLER PROSTO KEYS donde compartiremos t\u00e9cnicas para la realizaci\u00f3n de pr\u00f3tesis totales exitosas, con los materiales de m\u00e1s alta calidad y consejos pr\u00e1cticos para optimizar tu trabajo. Prosto Keys es un curso que he impartido desde 2013, capacitando a m\u00e1s de 300 odont\u00f3logos en donde les transmito m\u00e1s de 25 a\u00f1os de experiencia y m\u00e1s de 3000 casos de pr\u00f3tesis totales resueltos exitosamente.<\/p>\n\n\n\n<p class=\"has-background\" style=\"background-color:#f2f5cc;font-size:15px\"><strong><mark style=\"background-color:#bccf00\" class=\"has-inline-color has-black-color\"><strong><mark style=\"background-color:#bccf00\" class=\"has-inline-color has-black-color\"><strong><mark style=\"background-color:#bccf00\" class=\"has-inline-color has-black-color\">9 de JUNIO<\/mark><\/strong><\/mark><\/strong><\/mark><\/strong> \/ 9:00 am<br><strong>MESA CL\u00cdNICA<\/strong> &#8211; <a href=\"https:\/\/kulzer-info.mx\/index.php\/desarrollando-expertos\/de-lo-basico-al-detalle\/\" target=\"_blank\" rel=\"noreferrer noopener\"><em><strong>Carillas: diferentes t\u00e9cnicas<\/strong><\/em><\/a><strong><em><br><\/em>Dr. Daniel Rivera<\/strong><br>Aprende las t\u00e9cnicas de carillas inyectadas y estratificadas para transformar tu pr\u00e1ctica dental. Esta mesa cl\u00ednica te ense\u00f1ar\u00e1 a realizar carillas directas de composite de alta est\u00e9tica, optimizando el tiempo de tratamiento y ampliando tu oferta de servicios.<\/p>\n\n\n\n<p class=\"has-medium-font-size\"><span style=\"color: #919b0e;\"><strong>JULIO<\/strong><\/span><\/p>\n\n\n\n<p style=\"font-size:15px\"><strong><mark style=\"background-color:#bccf00\" class=\"has-inline-color has-black-color\"><strong><mark style=\"background-color:#bccf00\" class=\"has-inline-color has-black-color\"><strong><mark style=\"background-color:#bccf00\" class=\"has-inline-color has-black-color\">14 de JULIO<\/mark><\/strong><\/mark><\/strong><\/mark><\/strong> \/ 9:00 am<br><strong>MESA CL\u00cdNICA<\/strong> &#8211; <a href=\"https:\/\/kulzer-info.mx\/index.php\/desarrollando-expertos\/estetica-y-funcionalidad-en-accion-con-dientes-delara\/\" target=\"_blank\" rel=\"noreferrer noopener\"><em><strong>Montaje de dientes: Sencillo y est\u00e9tico<\/strong><\/em><\/a><strong><em><br><\/em>Dr. Daniel Rivera<\/strong><br>Experimenta la facilidad del montaje de la hermosa l\u00ednea de dientes Delara, conoce sus caracter\u00edsticas est\u00e9ticas, versatilidad y su forma anat\u00f3mica.<\/p>\n\n\n\n<p class=\"has-medium-font-size\"><span style=\"color: #919b0e;\"><strong>AGOSTO<\/strong><\/span><\/p>\n\n\n\n<p class=\"has-background\" style=\"background-color:#f2f5cc;font-size:15px\"><strong><mark style=\"background-color:#bccf00\" class=\"has-inline-color has-black-color\">11 de AGOSTO <\/mark><\/strong> \/ 9:00 am<br><strong>MESA CL\u00cdNICA<\/strong> &#8211; <a href=\"https:\/\/kulzer-info.mx\/index.php\/desarrollando-expertos\/tecnicas_impresion\/\" target=\"_blank\" rel=\"noreferrer noopener\"><strong><em>Elevaci\u00f3n de margen cervical y Overlays<\/em><\/strong><\/a><strong><em><br><\/em>Dr. Daniel Rivera<\/strong><br>\u00bfM\u00e1rgenes profundos? Aprende a resolverlos con \u00e9xito. Perfecciona tu t\u00e9cnica en elevaci\u00f3n de margen cervical mediante el uso de resinas de alta carga, optimizando el sellado y la visibilidad en cada caso. Adem\u00e1s, descubre los protocolos m\u00e1s recientes para realizar restauraciones indirectas inmediatas (Overlays) en el sector posterior de forma predecible.<\/p>\n\n\n\n<p class=\"has-medium-font-size\"><span style=\"color: #919b0e;\"><strong>SEPTIEMBRE<\/strong><\/span><\/p>\n\n\n\n<p style=\"font-size:15px\"><strong><mark style=\"background-color:#bccf00\" class=\"has-inline-color has-black-color\"><strong><mark style=\"background-color:#bccf00\" class=\"has-inline-color has-black-color\">8 de SEPTIEMBRE <\/mark><\/strong> <\/mark><\/strong> \/ 9:00 am<br><strong>MESA CL\u00cdNICA<\/strong> &#8211; <a href=\"https:\/\/kulzer-info.mx\/index.php\/desarrollando-expertos\/incrustaciones-de-signum-esteticas\/\" target=\"_blank\" rel=\"noreferrer noopener\"><em><strong>Restauraciones indirectas: Carillas e incrustaciones<\/strong><\/em><\/a><strong><em><br><\/em>Dr. Daniel Rivera<\/strong><br>Conoce y aprende a aplicar la gran variedad colores que tiene las resinas de laboratorio signum para realizar una carilla indirecta altamente est\u00e9tica y una pr\u00e1ctica incrustaci\u00f3n.<\/p>\n\n\n\n<p class=\"has-medium-font-size\"><span style=\"color: #919b0e;\"><strong>OCTUBRE<\/strong><\/span><\/p>\n\n\n\n<p class=\"has-background\" style=\"background-color:#f2f5cc;font-size:15px\"><strong><mark style=\"background-color:#bccf00\" class=\"has-inline-color has-black-color\"><strong><mark style=\"background-color:#bccf00\" class=\"has-inline-color has-black-color\"><strong><mark style=\"background-color:#bccf00\" class=\"has-inline-color has-black-color\">13 de OCTUBRE<\/mark><\/strong><\/mark><\/strong><\/mark><\/strong> \/ 9:00 am<br><strong>MESA CL\u00cdNICA<\/strong> &#8211; <a href=\"https:\/\/kulzer-info.mx\/index.php\/desarrollando-expertos\/de-lo-basico-al-detalle\/\" target=\"_blank\" rel=\"noreferrer noopener\"><em><strong><\/strong><\/em><\/a><em><strong><a href=\"https:\/\/kulzer-info.mx\/index.php\/desarrollando-expertos\/de-lo-basico-al-detalle\/\" target=\"_blank\" rel=\"noreferrer noopener\"><em><strong>Carillas: diferentes t\u00e9cnicas<\/strong><\/em><\/a><\/strong><\/em><strong><em><br><\/em>Dr. Daniel Rivera<\/strong><br>Aprende las t\u00e9cnicas de carillas inyectadas y estratificadas para transformar tu pr\u00e1ctica dental. Esta mesa cl\u00ednica te ense\u00f1ar\u00e1 a realizar carillas directas de composite de alta est\u00e9tica, optimizando el tiempo de tratamiento y ampliando tu oferta de servicios.<\/p>\n\n\n\n<p class=\"has-medium-font-size\"><span style=\"color: #919b0e;\"><strong>NOVIEMBRE<\/strong><\/span><\/p>\n\n\n\n<p style=\"font-size:15px\"><strong><mark style=\"background-color:#bccf00\" class=\"has-inline-color has-black-color\"><strong><mark style=\"background-color:#bccf00\" class=\"has-inline-color has-black-color\"><strong><mark style=\"background-color:#bccf00\" class=\"has-inline-color has-black-color\">10 de NOVIEMBRE<\/mark><\/strong><\/mark><\/strong><\/mark><\/strong> \/ 9:00 am<br><strong>MESA CL\u00cdNICA<\/strong> &#8211; <a href=\"https:\/\/kulzer-info.mx\/index.php\/desarrollando-expertos\/estetica-y-funcionalidad-en-accion-con-dientes-delara\/\" target=\"_blank\" rel=\"noreferrer noopener\"><em><strong>Montaje de dientes: Sencillo y est\u00e9tico<\/strong><\/em><\/a><strong><em><br><\/em>Dr. Daniel Rivera<\/strong><br>Experimenta la facilidad del montaje de la hermosa l\u00ednea de dientes Delara, conoce sus caracter\u00edsticas est\u00e9ticas, versatilidad y su forma anat\u00f3mica.<\/p>\n\n\n\n<p class=\"has-medium-font-size\"><span style=\"color: #919b0e;\"><strong>DICIEMBRE<\/strong><\/span><\/p>\n\n\n\n<hr class=\"wp-block-separator has-alpha-channel-opacity is-style-dots\"\/>\n\n\n\n<p class=\"has-large-font-size\"><span style=\"color: #919b0e;\"><strong>2027<\/strong><\/span><\/p>\n","protected":false},"excerpt":{"rendered":"<p>Desarrollando eXpertos es la plataforma de Kulzer donde todos los profesionales dentales pueden encontrar&nbsp;educaci\u00f3n continua a su medida. MAYO JUNIO 2026 \/ 10:00 amCURSO &#8211; Prosto KeysDr. Alejandro QuirozTe invitamos a nuestro CURSO TALLER PROSTO KEYS donde compartiremos t\u00e9cnicas para la realizaci\u00f3n de pr\u00f3tesis totales exitosas, con los materiales de m\u00e1s alta calidad y consejos pr\u00e1cticos para optimizar tu trabajo. [&hellip;]<\/p>\n","protected":false},"author":1,"featured_media":997,"parent":0,"menu_order":2,"comment_status":"closed","ping_status":"closed","template":"","meta":{"footnotes":""},"class_list":["post-32","page","type-page","status-publish","has-post-thumbnail","hentry"],"_links":{"self":[{"href":"https:\/\/kulzer-info.mx\/index.php\/wp-json\/wp\/v2\/pages\/32","targetHints":{"allow":["GET"]}}],"collection":[{"href":"https:\/\/kulzer-info.mx\/index.php\/wp-json\/wp\/v2\/pages"}],"about":[{"href":"https:\/\/kulzer-info.mx\/index.php\/wp-json\/wp\/v2\/types\/page"}],"author":[{"embeddable":true,"href":"https:\/\/kulzer-info.mx\/index.php\/wp-json\/wp\/v2\/users\/1"}],"replies":[{"embeddable":true,"href":"https:\/\/kulzer-info.mx\/index.php\/wp-json\/wp\/v2\/comments?post=32"}],"version-history":[{"count":256,"href":"https:\/\/kulzer-info.mx\/index.php\/wp-json\/wp\/v2\/pages\/32\/revisions"}],"predecessor-version":[{"id":5318,"href":"https:\/\/kulzer-info.mx\/index.php\/wp-json\/wp\/v2\/pages\/32\/revisions\/5318"}],"wp:featuredmedia":[{"embeddable":true,"href":"https:\/\/kulzer-info.mx\/index.php\/wp-json\/wp\/v2\/media\/997"}],"wp:attachment":[{"href":"https:\/\/kulzer-info.mx\/index.php\/wp-json\/wp\/v2\/media?parent=32"}],"curies":[{"name":"wp","href":"https:\/\/api.w.org\/{rel}","templated":true}]}}