{"id":2904,"date":"2019-08-21T11:34:39","date_gmt":"2019-08-21T16:34:39","guid":{"rendered":"http:\/\/kulzer-info.mx\/?page_id=2904"},"modified":"2023-02-21T15:17:15","modified_gmt":"2023-02-21T20:17:15","slug":"productos-de-laboratorio-latam","status":"publish","type":"page","link":"https:\/\/kulzer-info.mx\/index.php\/descargas\/descargas-latam-2\/productos-de-laboratorio-latam\/","title":{"rendered":"Productos de Laboratorio LATAM"},"content":{"rendered":"<p><a href=\"http:\/\/kulzer-info.mx\/index.php\/descargas\/descargas-latam-2\/\">Regresar a Descargas LATAM<\/a><\/p>\n<p><strong><b>Cat\u00e1logo de productos de\u00a0laboratorio<\/b><br \/>\n<\/strong><a href=\"http:\/\/kulzer-info.mx\/wp-content\/uploads\/2019\/07\/Productos_Laboratorio.pdf\" target=\"_blank\" rel=\"noopener noreferrer\">&#8211;\u00a0Descargar<\/a><br \/>\n<a href=\"http:\/\/kulzer-info.mx\/MKT\/Catalogue_Laboratory_Products_2018-19.pdf\" target=\"_blank\" rel=\"noopener noreferrer\">&#8211; Cat\u00e1logo versi\u00f3n completa Alemana<\/a><strong><br \/>\nComposite indirecto<\/strong><br \/>\n<a href=\"http:\/\/kulzer-info.mx\/wp-content\/uploads\/2019\/07\/Sellsheet_signum_ES.pdf\" target=\"_blank\" rel=\"noopener noreferrer\">&#8211; Signum<\/a><br \/>\n<a href=\"http:\/\/kulzer-info.mx\/wp-content\/uploads\/2019\/07\/Sellsheet_HiLite.pdf\" target=\"_blank\" rel=\"noopener noreferrer\">&#8211; HiLite Power 3D<\/a><br \/>\n&#8211; Cementaci\u00f3n signum<br \/>\n<strong>Acr\u00edlicos<\/strong><br \/>\n<a href=\"https:\/\/kulzer-info.mx\/MKT\/Sellsheet_PalaXpress_ES.pdf\" target=\"_blank\" rel=\"noopener\">&#8211; PalaXpress<\/a><br \/>\n&#8212;&#8212; <a href=\"https:\/\/kulzer-info.mx\/MKT\/Instrucciones_PalaXpress.pdf\" target=\"_blank\" rel=\"noopener\">Instrucciones PalaXpress<\/a><br \/>\n&#8211; <a href=\"https:\/\/kulzer-info.mx\/MKT\/Pala_creactive_Gua_ES_web.pdf\" target=\"_blank\" rel=\"noopener\">Pala cre-active<\/a><br \/>\n&#8211; Palatray<br \/>\n&#8211; Accesorios Pala<br \/>\n&#8211; Palavit G<br \/>\n<strong>Aleaciones<\/strong><br \/>\n&#8211; Heraenium CE, EH, NF (Libres de n\u00edquel para removibles)<br \/>\n&#8211; Heraenium S (Aleaci\u00f3n cer\u00e1mica de cromo-n\u00edquel, libre de berilio)<br \/>\n<strong>Dientes<\/strong><br \/>\n<a href=\"http:\/\/kulzer-info.mx\/wp-content\/uploads\/2019\/07\/Sellsheet_Pala_Premium_ES.pdf\" target=\"_blank\" rel=\"noopener noreferrer\">&#8211; Pemium \/ Mondial<\/a><br \/>\n<a href=\"http:\/\/kulzer-info.mx\/wp-content\/uploads\/2019\/07\/Sellsheet_Pala_Classic_ES.pdf\" target=\"_blank\" rel=\"noopener noreferrer\">&#8211; Optostar \/ Optognath<\/a><br \/>\n&#8211; Delara<br \/>\n<strong>Cer\u00e1mica<\/strong><br \/>\n&#8211; HeraCeram<br \/>\n&#8211; HeraCeram Press<br \/>\n&#8211; HeraCeram Zirconia 750<br \/>\n&#8211; HeraCeram Saphir<br \/>\n&#8211; HeraCeram Stains<br \/>\n<strong>Hornos para Cer\u00e1mica<\/strong><br \/>\n<a href=\"http:\/\/kulzer-info.mx\/wp-content\/uploads\/2019\/07\/Sellsheet_Austromat624_ES.pdf\" target=\"_blank\" rel=\"noopener noreferrer\">&#8211;\u00a0Austromat 624<\/a><br \/>\n<a href=\"http:\/\/kulzer-info.mx\/wp-content\/uploads\/2019\/07\/Sellsheet_Austromat654_ES.pdf\" target=\"_blank\" rel=\"noopener noreferrer\">&#8211;\u00a0Austromat 654<\/a><br \/>\n<strong>Discos<\/strong><br \/>\n&#8211; Discos y fresas para laboratorio<br \/>\n<strong>Duplicado de modelos<\/strong><br \/>\n&#8211; Heraform \/ Levogel \/ Mufla<br \/>\n<strong>Investimientos<\/strong><br \/>\n&#8211; Heravest M \/ M2000<br \/>\n&#8211; Heravest Press<br \/>\n&#8211; Heravest Speed<br \/>\n&#8211; Heravest Print<br \/>\n&#8211; Moldavest exact<br \/>\n<strong>Yesos Tipo IV<\/strong><br \/>\n<a href=\"http:\/\/kulzer-info.mx\/wp-content\/uploads\/2019\/07\/Sellsheet_Yesos_ES.pdf\" target=\"_blank\" rel=\"noopener noreferrer\">&#8211; Moldastone \/ Moldarock \/ Octaflow<\/a><br \/>\n<strong>Equipo<\/strong><br \/>\n&#8211; Palajet<br \/>\n&#8211; Palamat<br \/>\n&#8211; HeraCast IQ<\/p>\n","protected":false},"excerpt":{"rendered":"<p>Regresar a Descargas LATAM Cat\u00e1logo de productos de\u00a0laboratorio &#8211;\u00a0Descargar &#8211; Cat\u00e1logo versi\u00f3n completa Alemana Composite indirecto &#8211; Signum &#8211; HiLite Power 3D &#8211; Cementaci\u00f3n signum Acr\u00edlicos &#8211; PalaXpress &#8212;&#8212; Instrucciones PalaXpress &#8211; Pala cre-active &#8211; Palatray &#8211; Accesorios Pala &#8211; Palavit G Aleaciones &#8211; Heraenium CE, EH, NF (Libres de n\u00edquel para removibles) &#8211; Heraenium S (Aleaci\u00f3n cer\u00e1mica de cromo-n\u00edquel, [&hellip;]<\/p>\n","protected":false},"author":1,"featured_media":0,"parent":2899,"menu_order":0,"comment_status":"closed","ping_status":"closed","template":"sidebar-page.php","meta":{"footnotes":""},"class_list":["post-2904","page","type-page","status-publish","hentry"],"_links":{"self":[{"href":"https:\/\/kulzer-info.mx\/index.php\/wp-json\/wp\/v2\/pages\/2904","targetHints":{"allow":["GET"]}}],"collection":[{"href":"https:\/\/kulzer-info.mx\/index.php\/wp-json\/wp\/v2\/pages"}],"about":[{"href":"https:\/\/kulzer-info.mx\/index.php\/wp-json\/wp\/v2\/types\/page"}],"author":[{"embeddable":true,"href":"https:\/\/kulzer-info.mx\/index.php\/wp-json\/wp\/v2\/users\/1"}],"replies":[{"embeddable":true,"href":"https:\/\/kulzer-info.mx\/index.php\/wp-json\/wp\/v2\/comments?post=2904"}],"version-history":[{"count":5,"href":"https:\/\/kulzer-info.mx\/index.php\/wp-json\/wp\/v2\/pages\/2904\/revisions"}],"predecessor-version":[{"id":4467,"href":"https:\/\/kulzer-info.mx\/index.php\/wp-json\/wp\/v2\/pages\/2904\/revisions\/4467"}],"up":[{"embeddable":true,"href":"https:\/\/kulzer-info.mx\/index.php\/wp-json\/wp\/v2\/pages\/2899"}],"wp:attachment":[{"href":"https:\/\/kulzer-info.mx\/index.php\/wp-json\/wp\/v2\/media?parent=2904"}],"curies":[{"name":"wp","href":"https:\/\/api.w.org\/{rel}","templated":true}]}}