{"id":2897,"date":"2019-08-21T11:28:51","date_gmt":"2019-08-21T16:28:51","guid":{"rendered":"http:\/\/kulzer-info.mx\/?page_id=2897"},"modified":"2019-08-21T12:23:08","modified_gmt":"2019-08-21T17:23:08","slug":"descargas-latam","status":"publish","type":"page","link":"https:\/\/kulzer-info.mx\/index.php\/descargas\/descargas-latam-2\/descargas-latam\/","title":{"rendered":"Productos para consultorio LATAM"},"content":{"rendered":"<p><a href=\"http:\/\/kulzer-info.mx\/index.php\/descargas\/descargas-latam-2\/\">Regresar a Descargas LATAM<\/a><\/p>\n<p><b>Cat\u00e1logo de productos de consultorio<\/b><br \/>\n&#8211;\u00a0<a href=\"http:\/\/kulzer-info.mx\/wp-content\/uploads\/2019\/07\/Productos_Consultorio.pdf\" target=\"_blank\" rel=\"noopener noreferrer\">Descargar<\/a><br \/>\n<a href=\"http:\/\/kulzer-info.mx\/MKT\/Kulzer_catalouge_dentistry2_2018_19w.pdf\" target=\"_blank\" rel=\"noopener noreferrer\">&#8211; Cat\u00e1logo versi\u00f3n completa Alemana<\/a><br \/>\n<strong>Radiograf\u00eda (Rx)<\/strong><br \/>\n&#8211;\u00a0<a href=\"http:\/\/kulzer-info.mx\/wp-content\/uploads\/2019\/07\/Sellsheet_Agfa_io_ES.pdf\" target=\"_blank\" rel=\"noopener noreferrer\">Agfa intraoral<\/a><br \/>\n&#8211;\u00a0<a href=\"http:\/\/kulzer-info.mx\/wp-content\/uploads\/2019\/07\/Sellsheet_Agfa_eo_ES.pdf\" target=\"_blank\" rel=\"noopener noreferrer\">Agfa extraoral<\/a><br \/>\n&#8211;\u00a0<a href=\"http:\/\/kulzer-info.mx\/wp-content\/uploads\/2019\/07\/Sellsheet_Agfa_liquids_ES.pdf\" target=\"_blank\" rel=\"noopener noreferrer\">L\u00edquidos Agfa<\/a><br \/>\n<strong>Materiales de Impresi\u00f3n<\/strong><br \/>\n&#8211;\u00a0<a href=\"http:\/\/kulzer-info.mx\/wp-content\/uploads\/2019\/07\/Sellsheet_Xaltangin_ES.pdf\" target=\"_blank\" rel=\"noopener noreferrer\">xantALGIN (Alginato)<\/a><br \/>\n&#8211;\u00a0<a href=\"http:\/\/kulzer-info.mx\/wp-content\/uploads\/2019\/07\/Sellsheet_Optosil_ES.pdf\" target=\"_blank\" rel=\"noopener noreferrer\">Optosil \/ Xantopren (Silic\u00f3n por condensaci\u00f3n)<\/a><br \/>\n&#8211;\u00a0<a href=\"http:\/\/kulzer-info.mx\/wp-content\/uploads\/2019\/07\/Sellsheet_Provil_ES.pdf\" target=\"_blank\" rel=\"noopener noreferrer\">Provil Novo (Silic\u00f3n por adici\u00f3n)<\/a><br \/>\n&#8211;\u00a0<a href=\"http:\/\/kulzer-info.mx\/wp-content\/uploads\/2019\/07\/Sellsheet_Memosil_ES.pdf\" target=\"_blank\" rel=\"noopener noreferrer\">Memosil 2 (Silic\u00f3n por adici\u00f3n transparente)<\/a><br \/>\n&#8211;\u00a0<a href=\"http:\/\/kulzer-info.mx\/wp-content\/uploads\/2019\/07\/Sellsheet_Variotime_Memosil_ES.pdf\" target=\"_blank\" rel=\"noopener noreferrer\">Variotime (Silic\u00f3n por adici\u00f3n)<\/a><br \/>\n&#8211; Variotime Bite (Silic\u00f3n por adici\u00f3n)<br \/>\n&#8211; Dymamix Speed (Mezcladora de silic\u00f3n)<br \/>\n&#8211;\u00a0<a href=\"http:\/\/kulzer-info.mx\/MKT\/Variotime_Tips_1Paso.pdf\" target=\"_blank\" rel=\"noopener noreferrer\">Tips y trucos Variotime \u00abT\u00e9cnica de un solo paso\u00bb<\/a><br \/>\n&#8211;\u00a0<a href=\"http:\/\/kulzer-info.mx\/MKT\/Variotime_Tips_2Pasos.pdf\" target=\"_blank\" rel=\"noopener noreferrer\">Tips y Trucos Variotime \u00abT\u00e9cnica 2 pasos\u00bb<\/a><em><br \/>\n<\/em><strong>Desensibilizante<\/strong><em><br \/>\n<\/em>&#8211;\u00a0<a href=\"http:\/\/kulzer-info.mx\/wp-content\/uploads\/2019\/07\/Sellsheet_Desensitizer_ES.pdf\" target=\"_blank\" rel=\"noopener noreferrer\">GLUMA Desensitizer<br \/>\n<\/a>&#8211; Tips y Trucos GLUMA Desensitizer<br \/>\n<strong>Adhesivos<\/strong><a href=\"http:\/\/kulzer-info.mx\/wp-content\/uploads\/2019\/07\/Sellsheet_Gluma_2Bond_ES.pdf\" target=\"_blank\" rel=\"noopener noreferrer\"><br \/>\n<\/a><a href=\"http:\/\/kulzer-info.mx\/wp-content\/uploads\/2019\/07\/Sellsheet_Adhesives_ES.pdf\" target=\"_blank\" rel=\"noopener noreferrer\">&#8211; GLUMA Bond Universal<\/a><a href=\"http:\/\/kulzer-info.mx\/wp-content\/uploads\/2019\/07\/Sellsheet_Gluma_2Bond_ES.pdf\" target=\"_blank\" rel=\"noopener noreferrer\"><br \/>\n<\/a><a href=\"http:\/\/kulzer-info.mx\/wp-content\/uploads\/2019\/07\/Sellsheet_GlumaBond5_ES.pdf\" target=\"_blank\" rel=\"noopener noreferrer\">&#8211; GLUMA Bond5\u00a0<strong><em>(No disponible en M\u00e9xico)<\/em><\/strong><\/a><br \/>\n&#8211;\u00a0<a href=\"http:\/\/kulzer-info.mx\/wp-content\/uploads\/2019\/07\/Sellsheet_GlumaSelfEtech_ES.pdf\" target=\"_blank\" rel=\"noopener noreferrer\">GLUMA\u00a0Self Etch\u00a0<em><strong>(No disponible en M\u00e9xico)<\/strong><\/em><\/a><br \/>\n<strong>Cementos<\/strong><br \/>\n&#8211;\u00a0<a href=\"http:\/\/kulzer-info.mx\/wp-content\/uploads\/2019\/07\/Sellsheet_iCem_ES.pdf\" target=\"_blank\" rel=\"noopener noreferrer\">iCem (Cemento dual)<\/a><br \/>\n<a href=\"http:\/\/kulzer-info.mx\/wp-content\/uploads\/2019\/07\/Sellsheet_cementos_ES.pdf\" target=\"_blank\" rel=\"noopener noreferrer\">&#8211; Prevision CEM (Cemento temporal)<br \/>\n<\/a><strong>Resina temporal<\/strong><br \/>\n<a href=\"http:\/\/kulzer-info.mx\/wp-content\/uploads\/2019\/07\/Sellsheet_Dentalon_ES.pdf\" target=\"_blank\" rel=\"noopener noreferrer\">&#8211;\u00a0Dentalon<\/a><br \/>\n<strong>Composites<\/strong><br \/>\n&#8211;\u00a0<a href=\"http:\/\/kulzer-info.mx\/wp-content\/uploads\/2019\/07\/Sellsheet_Charisma_Classic_ES.pdf\" target=\"_blank\" rel=\"noopener noreferrer\">Charisma Classic<\/a><br \/>\n&#8211;\u00a0<a href=\"http:\/\/kulzer-info.mx\/wp-content\/uploads\/2019\/07\/Sellsheet_Charisma_Diamond_ES.pdf\" target=\"_blank\" rel=\"noopener noreferrer\">Charisma Diamond<\/a><br \/>\n<a href=\"http:\/\/kulzer-info.mx\/wp-content\/uploads\/2019\/07\/Sellsheet_Charisma_Topaz_ES.pdf\" target=\"_blank\" rel=\"noopener noreferrer\">&#8211; Charisma\u00a0Topaz<\/a><br \/>\n&#8211; Charisma Opal Flow<br \/>\n&#8211;\u00a0<a href=\"http:\/\/kulzer-info.mx\/wp-content\/uploads\/2019\/07\/Sellsheet_Charisma_Smart_ES.pdf\" target=\"_blank\" rel=\"noopener noreferrer\">Charisma Smart\u00a0<em><strong>(No disponible en M\u00e9xico)<\/strong><\/em><\/a><br \/>\n<strong>Fresas<\/strong><br \/>\n<a href=\"http:\/\/kulzer-info.mx\/wp-content\/uploads\/2019\/07\/Sellsheet_Burs_ES.pdf\" target=\"_blank\" rel=\"noopener noreferrer\">&#8211; Fresas de diamante<\/a><br \/>\n<strong>Grapas<\/strong><br \/>\n&#8211; Ivory<br \/>\n<strong>Agujas<\/strong><br \/>\n&#8211; Sopira<br \/>\n<strong>L\u00e1mparas para polimerizar<\/strong><br \/>\n<a href=\"http:\/\/kulzer-info.mx\/wp-content\/uploads\/2019\/07\/Sellsheet_TransluxWave_ES.pdf\" target=\"_blank\" rel=\"noopener noreferrer\">&#8211; Translux Wave<\/a><br \/>\n&#8211; Translux 2Wave<\/p>\n","protected":false},"excerpt":{"rendered":"<p>Regresar a Descargas LATAM Cat\u00e1logo de productos de consultorio &#8211;\u00a0Descargar &#8211; Cat\u00e1logo versi\u00f3n completa Alemana Radiograf\u00eda (Rx) &#8211;\u00a0Agfa intraoral &#8211;\u00a0Agfa extraoral &#8211;\u00a0L\u00edquidos Agfa Materiales de Impresi\u00f3n &#8211;\u00a0xantALGIN (Alginato) &#8211;\u00a0Optosil \/ Xantopren (Silic\u00f3n por condensaci\u00f3n) &#8211;\u00a0Provil Novo (Silic\u00f3n por adici\u00f3n) &#8211;\u00a0Memosil 2 (Silic\u00f3n por adici\u00f3n transparente) &#8211;\u00a0Variotime (Silic\u00f3n por adici\u00f3n) &#8211; Variotime Bite (Silic\u00f3n por adici\u00f3n) &#8211; Dymamix Speed (Mezcladora de [&hellip;]<\/p>\n","protected":false},"author":1,"featured_media":0,"parent":2899,"menu_order":0,"comment_status":"closed","ping_status":"closed","template":"sidebar-page.php","meta":{"footnotes":""},"class_list":["post-2897","page","type-page","status-publish","hentry"],"_links":{"self":[{"href":"https:\/\/kulzer-info.mx\/index.php\/wp-json\/wp\/v2\/pages\/2897","targetHints":{"allow":["GET"]}}],"collection":[{"href":"https:\/\/kulzer-info.mx\/index.php\/wp-json\/wp\/v2\/pages"}],"about":[{"href":"https:\/\/kulzer-info.mx\/index.php\/wp-json\/wp\/v2\/types\/page"}],"author":[{"embeddable":true,"href":"https:\/\/kulzer-info.mx\/index.php\/wp-json\/wp\/v2\/users\/1"}],"replies":[{"embeddable":true,"href":"https:\/\/kulzer-info.mx\/index.php\/wp-json\/wp\/v2\/comments?post=2897"}],"version-history":[{"count":3,"href":"https:\/\/kulzer-info.mx\/index.php\/wp-json\/wp\/v2\/pages\/2897\/revisions"}],"predecessor-version":[{"id":2914,"href":"https:\/\/kulzer-info.mx\/index.php\/wp-json\/wp\/v2\/pages\/2897\/revisions\/2914"}],"up":[{"embeddable":true,"href":"https:\/\/kulzer-info.mx\/index.php\/wp-json\/wp\/v2\/pages\/2899"}],"wp:attachment":[{"href":"https:\/\/kulzer-info.mx\/index.php\/wp-json\/wp\/v2\/media?parent=2897"}],"curies":[{"name":"wp","href":"https:\/\/api.w.org\/{rel}","templated":true}]}}