{"id":4361,"date":"2022-11-04T22:09:13","date_gmt":"2022-11-05T03:09:13","guid":{"rendered":"https:\/\/kulzer-info.mx\/?page_id=4361"},"modified":"2026-01-22T17:33:07","modified_gmt":"2026-01-22T22:33:07","slug":"tecnicas_impresion","status":"publish","type":"page","link":"http:\/\/kulzer-info.mx\/index.php\/desarrollando-expertos\/tecnicas_impresion\/","title":{"rendered":"Elevaci\u00f3n de margen cervical y Overlays"},"content":{"rendered":"\n<p class=\"has-medium-font-size\"><strong>Imparte:&nbsp;<\/strong>Dr.&nbsp;Daniel Rivera<br><strong>Fechas disponibles:<\/strong> <br>&#8211; 11 de agosto<br><strong>Horario:<\/strong>&nbsp;Presencial&nbsp;9:00 a 16:00 h<br><strong>Sede:<\/strong>&nbsp;Aula Desarrollando eXpertos Kulzer<br>Homero 527 P3, Col. Polanco, Alc. Miguel Hidalgo, CDMX<br><strong>Dirigido:<\/strong>&nbsp;Odont\u00f3logos<br><span style=\"color: #95b600;\"><strong>GRATIS<\/strong> <\/span><em><span style=\"color: #95b600;\">En la compra de $2,900 de productos Kulzer <\/span> <\/em><\/p>\n\n\n\n<p class=\"has-medium-font-size\"><strong>Objetivo.<\/strong> Conocer alternativas novedosas para restaurar casos complejos con resinas&nbsp;<\/p>\n\n\n\n<p class=\"has-medium-font-size\">\u00bfM\u00e1rgenes profundos? Aprende a resolverlos con \u00e9xito. Perfecciona tu t\u00e9cnica en elevaci\u00f3n de margen cervical mediante el uso de resinas de alta carga, optimizando el sellado y la visibilidad en cada caso. Adem\u00e1s, descubre los protocolos m\u00e1s recientes para realizar restauraciones indirectas inmediatas (Overlays) en el sector posterior de forma predecible.<\/p>\n\n\n\n<p style=\"font-size:14px\"><strong><mark style=\"background-color:rgba(0, 0, 0, 0);color:#bccf00\" class=\"has-inline-color\">Temario:<\/mark><\/strong><br><mark style=\"background-color:rgba(0, 0, 0, 0);color:#bccf00\" class=\"has-inline-color\"><strong>o<\/strong><\/mark> Indicaciones<br><mark style=\"background-color:rgba(0, 0, 0, 0);color:#bccf00\" class=\"has-inline-color\"><strong>o<\/strong><\/mark> Fundamentos de adhesi\u00f3n<br><mark style=\"background-color:rgba(0, 0, 0, 0);color:#bccf00\" class=\"has-inline-color\"><strong>o<\/strong><\/mark> Selecci\u00f3n del composite<br><mark style=\"background-color:rgba(0, 0, 0, 0);color:#bccf00\" class=\"has-inline-color\"><strong>o<\/strong><\/mark> Procedimiento paso a paso<\/p>\n\n\n\n<p style=\"font-size:14px\"><strong><mark style=\"background-color:rgba(0, 0, 0, 0);color:#bccf00\" class=\"has-inline-color\">Pr\u00e1ctica:<\/mark><\/strong><br><mark style=\"background-color:rgba(0, 0, 0, 0);color:#bccf00\" class=\"has-inline-color\"><strong>o<\/strong><\/mark> Elevaci\u00f3n del margen cervical y fundamentos de aislamiento absoluto.<\/p>\n\n\n\n<p style=\"font-size:25px\"><span style=\"color: #95b600;\"><strong>$750 MN<\/strong> Mesa cl\u00ednica <strong>PRESENCIAL<\/strong><\/span><\/p>\n\n\n\n<div class=\"wp-block-columns is-layout-flex wp-container-core-columns-is-layout-9d6595d7 wp-block-columns-is-layout-flex\">\n<div class=\"wp-block-column has-small-font-size is-layout-flow wp-block-column-is-layout-flow\">\n<p><strong><mark style=\"background-color:rgba(0, 0, 0, 0);color:#bccf00\" class=\"has-inline-color\">Incluye:<\/mark><\/strong><br><strong><mark style=\"background-color:rgba(0, 0, 0, 0);color:#bccf00\" class=\"has-inline-color\">o<\/mark><\/strong> Acceso a la mesa cl\u00ednica en el Aula Desarrollando eXpertos<br><strong><mark style=\"background-color:rgba(0, 0, 0, 0);color:#bccf00\" class=\"has-inline-color\">o<\/mark><\/strong> Material para la pr\u00e1ctica<br><strong><mark style=\"background-color:rgba(0, 0, 0, 0);color:#bccf00\" class=\"has-inline-color\">o<\/mark><\/strong> Certificado de asistencia<br><strong><mark style=\"background-color:rgba(0, 0, 0, 0);color:#bccf00\" class=\"has-inline-color\">o<\/mark><\/strong> Coffe Break<br><strong><mark style=\"background-color:rgba(0, 0, 0, 0);color:#bccf00\" class=\"has-inline-color\">o<\/mark><\/strong> <strong>Comida<\/strong><br><br><strong><mark style=\"background-color:rgba(0, 0, 0, 0);color:#bccf00\" class=\"has-inline-color\">Material que el participante debe traer:<\/mark><\/strong><br><strong><mark style=\"background-color:rgba(0, 0, 0, 0);color:#bccf00\" class=\"has-inline-color\">o<\/mark><\/strong> Anillo y banda matriz seccionada y pre contorneada<br><strong><mark style=\"background-color:rgba(0, 0, 0, 0);color:#bccf00\" class=\"has-inline-color\">o<\/mark><\/strong> Tefl\u00f3n <br><strong><mark style=\"background-color:rgba(0, 0, 0, 0);color:#bccf00\" class=\"has-inline-color\">o<\/mark><\/strong> Cu\u00f1as de madera<br><strong><mark style=\"background-color:rgba(0, 0, 0, 0);color:#bccf00\" class=\"has-inline-color\">o<\/mark><\/strong> Esp\u00e1tulas para composite<br><strong><mark style=\"background-color:rgba(0, 0, 0, 0);color:#bccf00\" class=\"has-inline-color\">o<\/mark><\/strong> Loseta<br><strong><mark style=\"background-color:rgba(0, 0, 0, 0);color:#bccf00\" class=\"has-inline-color\">o<\/mark><\/strong> L\u00e1mpara para polimerizar<br><strong><mark style=\"background-color:rgba(0, 0, 0, 0);color:#bccf00\" class=\"has-inline-color\">o<\/mark><\/strong> Tipodonto tipo Nissin, <br><strong><mark style=\"background-color:rgba(0, 0, 0, 0);color:#bccf00\" class=\"has-inline-color\">o<\/mark><\/strong> Micro motor<br><strong><mark style=\"background-color:rgba(0, 0, 0, 0);color:#bccf00\" class=\"has-inline-color\">o<\/mark><\/strong> Puntas para pulir<br><strong><mark style=\"background-color:rgba(0, 0, 0, 0);color:#bccf00\" class=\"has-inline-color\">o<\/mark><\/strong> Fresas de diamante y multilaminar<br><strong><mark style=\"background-color:rgba(0, 0, 0, 0);color:#bccf00\" class=\"has-inline-color\">o<\/mark><\/strong> Adaptador de fresa de alta a pieza de baja con contrangulo<br><strong><mark style=\"background-color:rgba(0, 0, 0, 0);color:#bccf00\" class=\"has-inline-color\">o<\/mark><\/strong> Fresa de alta velocidad de diamente tronco c\u00f3nica punta redondeada<br><strong><mark style=\"background-color:rgba(0, 0, 0, 0);color:#bccf00\" class=\"has-inline-color\">o<\/mark><\/strong> Grapas de diferentes formas<br><strong><mark style=\"background-color:rgba(0, 0, 0, 0);color:#bccf00\" class=\"has-inline-color\">o<\/mark><\/strong> Dique de hule<br><strong><mark style=\"background-color:rgba(0, 0, 0, 0);color:#bccf00\" class=\"has-inline-color\">o<\/mark><\/strong> Portagrapa<br><strong><mark style=\"background-color:rgba(0, 0, 0, 0);color:#bccf00\" class=\"has-inline-color\">o<\/mark><\/strong> Perforadora para dique<br><strong><mark style=\"background-color:rgba(0, 0, 0, 0);color:#bccf00\" class=\"has-inline-color\">o<\/mark><\/strong> Arco de Young<br><strong><mark style=\"background-color:rgba(0, 0, 0, 0);color:#bccf00\" class=\"has-inline-color\">o<\/mark><\/strong> Portaimpresi\u00f3n de 1\/2 arcada<\/p>\n<\/div>\n\n\n\n<div class=\"wp-block-column is-layout-flow wp-block-column-is-layout-flow\">\n<p><strong>Pagar mesa cl\u00ednica presencial<\/strong><\/p>\n\n\n\n<div class=\"wp-block-buttons is-layout-flex wp-block-buttons-is-layout-flex\">\n<div class=\"wp-block-button\"><a class=\"wp-block-button__link has-background wp-element-button\" href=\"https:\/\/pago.clip.mx\/v3\/88bce7c7-7718-4cb9-800d-67d70155136f\" style=\"border-radius:8px;background-color:#bccf00\" target=\"_blank\" rel=\"noreferrer noopener\"><strong>Pagar<\/strong><\/a><\/div>\n<\/div>\n<\/div>\n<\/div>\n\n\n\n<p id=\"block-778c1d55-ac26-44c0-bae4-6673654703d1\">Al realizar el pago debes enviar tu comprobante por whats al 5580100393<\/p>\n\n\n\n<hr class=\"wp-block-separator has-alpha-channel-opacity is-style-wide\"\/>\n\n\n\n<p id=\"block-778c1d55-ac26-44c0-bae4-6673654703d1\"><strong>Si quieres hacer un pre-registro y que un asesor te contacte, llena el siguiente formulario<\/strong><\/p>\n\n\n\n<div class=\"wpcf7 no-js\" id=\"wpcf7-f3589-o1\" lang=\"es-ES\" dir=\"ltr\" data-wpcf7-id=\"3589\">\n<div class=\"screen-reader-response\"><p role=\"status\" aria-live=\"polite\" aria-atomic=\"true\"><\/p> <ul><\/ul><\/div>\n<form action=\"\/index.php\/wp-json\/wp\/v2\/pages\/4361#wpcf7-f3589-o1\" method=\"post\" class=\"wpcf7-form init\" aria-label=\"Formulario de contacto\" novalidate=\"novalidate\" data-status=\"init\">\n<fieldset class=\"hidden-fields-container\"><input type=\"hidden\" name=\"_wpcf7\" value=\"3589\" \/><input type=\"hidden\" name=\"_wpcf7_version\" value=\"6.1.5\" \/><input type=\"hidden\" name=\"_wpcf7_locale\" value=\"es_ES\" \/><input type=\"hidden\" name=\"_wpcf7_unit_tag\" value=\"wpcf7-f3589-o1\" \/><input type=\"hidden\" name=\"_wpcf7_container_post\" value=\"0\" \/><input type=\"hidden\" name=\"_wpcf7_posted_data_hash\" value=\"\" \/>\n<\/fieldset>\n<p><label> Nombre<br \/>\n<span class=\"wpcf7-form-control-wrap\" data-name=\"nombre\"><input size=\"40\" maxlength=\"400\" class=\"wpcf7-form-control wpcf7-text wpcf7-validates-as-required\" aria-required=\"true\" aria-invalid=\"false\" value=\"\" type=\"text\" name=\"nombre\" \/><\/span> <\/label>\n<\/p>\n<p><label> Apellido<br \/>\n<span class=\"wpcf7-form-control-wrap\" data-name=\"apellido\"><input size=\"40\" maxlength=\"400\" class=\"wpcf7-form-control wpcf7-text wpcf7-validates-as-required\" aria-required=\"true\" aria-invalid=\"false\" value=\"\" type=\"text\" name=\"apellido\" \/><\/span> <\/label>\n<\/p>\n<p><label> Correo electr\u00f3nico<br \/>\n<span class=\"wpcf7-form-control-wrap\" data-name=\"correo\"><input size=\"40\" maxlength=\"400\" class=\"wpcf7-form-control wpcf7-email wpcf7-validates-as-required wpcf7-text wpcf7-validates-as-email\" aria-required=\"true\" aria-invalid=\"false\" value=\"\" type=\"email\" name=\"correo\" \/><\/span> <\/label>\n<\/p>\n<p><label> Tel\u00e9fono<br \/>\n<span class=\"wpcf7-form-control-wrap\" data-name=\"telefono\"><input size=\"40\" maxlength=\"400\" class=\"wpcf7-form-control wpcf7-tel wpcf7-validates-as-required wpcf7-text wpcf7-validates-as-tel\" aria-required=\"true\" aria-invalid=\"false\" value=\"\" type=\"tel\" name=\"telefono\" \/><\/span> <\/label>\n<\/p>\n<p><label> Ciudad<br \/>\n<span class=\"wpcf7-form-control-wrap\" data-name=\"ciudad\"><input size=\"40\" maxlength=\"400\" class=\"wpcf7-form-control wpcf7-text wpcf7-validates-as-required\" aria-required=\"true\" aria-invalid=\"false\" value=\"\" type=\"text\" name=\"ciudad\" \/><\/span> <\/label>\n<\/p>\n<p><label> Estado<br \/>\n<span class=\"wpcf7-form-control-wrap\" data-name=\"estado\"><select class=\"wpcf7-form-control wpcf7-select wpcf7-validates-as-required\" aria-required=\"true\" aria-invalid=\"false\" name=\"estado\"><option value=\"\">&#8212;Por favor, elige una opci\u00f3n&#8212;<\/option><option value=\"Aguascalientes\">Aguascalientes<\/option><option value=\"Baja California\">Baja California<\/option><option value=\"Baja California Sur\">Baja California Sur<\/option><option value=\"Campeche\">Campeche<\/option><option value=\"Ciudad de M\u00e9xico\">Ciudad de M\u00e9xico<\/option><option value=\"Coahuila\">Coahuila<\/option><option value=\"Colima\">Colima<\/option><option value=\"Chiapas\">Chiapas<\/option><option value=\"Chihuahua\">Chihuahua<\/option><option value=\"Durango\">Durango<\/option><option value=\"Guanajuato\">Guanajuato<\/option><option value=\"Guerrero\">Guerrero<\/option><option value=\"Hidalgo\">Hidalgo<\/option><option value=\"Jalisco\">Jalisco<\/option><option value=\"M\u00e9xico\">M\u00e9xico<\/option><option value=\"Michoac\u00e1n\">Michoac\u00e1n<\/option><option value=\"Morelos\">Morelos<\/option><option value=\"Nayarit\">Nayarit<\/option><option value=\"Nuevo Le\u00f3n\">Nuevo Le\u00f3n<\/option><option value=\"Oaxaca\">Oaxaca<\/option><option value=\"Puebla\">Puebla<\/option><option value=\"Quer\u00e9taro\">Quer\u00e9taro<\/option><option value=\"Quintana Roo\">Quintana Roo<\/option><option value=\"San Luis Potos\u00ed\">San Luis Potos\u00ed<\/option><option value=\"Sinaloa\">Sinaloa<\/option><option value=\"Sonora\">Sonora<\/option><option value=\"Tabasco\">Tabasco<\/option><option value=\"Tamaulipas\">Tamaulipas<\/option><option value=\"Tlaxcala\">Tlaxcala<\/option><option value=\"Veracruz\">Veracruz<\/option><option value=\"Yucat\u00e1n\">Yucat\u00e1n<\/option><option value=\"Zacatecas\">Zacatecas<\/option><\/select><\/span> <\/label>\n<\/p>\n<p><span class=\"wpcf7-form-control-wrap\" data-name=\"interes\"><span class=\"wpcf7-form-control wpcf7-checkbox wpcf7-validates-as-required\"><span class=\"wpcf7-list-item first\"><label><input type=\"checkbox\" name=\"interes[]\" value=\"Informaci\u00f3n para consultorios dentales\" \/><span class=\"wpcf7-list-item-label\">Informaci\u00f3n para consultorios dentales<\/span><\/label><\/span><span class=\"wpcf7-list-item last\"><label><input type=\"checkbox\" name=\"interes[]\" value=\"Informaci\u00f3n para laboratorios dentales\" \/><span class=\"wpcf7-list-item-label\">Informaci\u00f3n para laboratorios dentales<\/span><\/label><\/span><\/span><\/span>\n<\/p>\n<p><span class=\"wpcf7-form-control-wrap\" data-name=\"acepto1\"><span class=\"wpcf7-form-control wpcf7-acceptance optional\"><span class=\"wpcf7-list-item\"><label><input type=\"checkbox\" name=\"acepto1\" value=\"1\" aria-invalid=\"false\" \/><span class=\"wpcf7-list-item-label\">Me gustar\u00eda suscribirme al servicio gratuito de newsletter de Kulzer. (El contenido incluye informaci\u00f3n de productos, noticias de la compa\u00f1\u00eda y la industria, eventos, promociones y ofertas. Los boletines se enviar\u00e1n cada 2-4 semanas).<\/span><\/label><\/span><\/span><\/span>\n<\/p>\n<p><span class=\"wpcf7-form-control-wrap\" data-name=\"acepto2\"><span class=\"wpcf7-form-control wpcf7-acceptance optional\"><span class=\"wpcf7-list-item\"><label><input type=\"checkbox\" name=\"acepto2\" value=\"1\" aria-invalid=\"false\" \/><span class=\"wpcf7-list-item-label\">Estoy de acuerdo que los datos recogidos, as\u00ed como mi comportamiento individual al hacer clic en los enlaces de imagen\/texto, sean utilizados por Kulzer para proporcionarme un contenido individualizado. Puedo cancelar la suscripci\u00f3n o retirar el permiso de seguimiento en cualquier momento en cada newsletter.<\/span><\/label><\/span><\/span><\/span>\n<\/p>\n<p><input class=\"wpcf7-form-control wpcf7-submit has-spinner\" type=\"submit\" value=\"Enviar\" \/>\n<\/p><div class=\"wpcf7-response-output\" aria-hidden=\"true\"><\/div>\n<\/form>\n<\/div>\n\n\n\n\n<p class=\"has-small-font-size\" id=\"block-3fc35513-5639-4ec5-9afb-aa0d7943080c\"><strong>FORMAS DE PAGO<\/strong><br>El pago puede ser, con cargo a su tarjeta de cr\u00e9dito o d\u00e9bito v\u00eda telef\u00f3nica, transferencia bancaria, dep\u00f3sito en ventanilla.<br><strong>Citibank M\u00e9xico a nombre de Kulzer M\u00e9xico SA de CV<\/strong><br><strong>Cuenta<\/strong>: 08700076831<br><strong>Sucursal<\/strong>: 870<br><strong>Clabe interbancaria<\/strong>: 124180087000768310<br><br><strong>CANCELACIONES<\/strong>&nbsp;<em>Las inscripciones para mesas cl\u00ednicas podr\u00e1n cancelarse hasta una semana antes del evento. Para cursos, la cancelaci\u00f3n podr\u00e1 realizarse hasta dos semanas antes del evento. En caso contrario no se garantiza el reembolso de los montos pagados.<\/em><\/p>\n\n\n\n<p><\/p>\n","protected":false},"excerpt":{"rendered":"<p>Imparte:&nbsp;Dr.&nbsp;Daniel RiveraFechas disponibles: &#8211; 11 de agostoHorario:&nbsp;Presencial&nbsp;9:00 a 16:00 hSede:&nbsp;Aula Desarrollando eXpertos KulzerHomero 527 P3, Col. Polanco, Alc. Miguel Hidalgo, CDMXDirigido:&nbsp;Odont\u00f3logosGRATIS En la compra de $2,900 de productos Kulzer Objetivo. Conocer alternativas novedosas para restaurar casos complejos con resinas&nbsp; \u00bfM\u00e1rgenes profundos? Aprende a resolverlos con \u00e9xito. Perfecciona tu t\u00e9cnica en elevaci\u00f3n de margen cervical mediante el uso de resinas de [&hellip;]<\/p>\n","protected":false},"author":1,"featured_media":0,"parent":32,"menu_order":2,"comment_status":"closed","ping_status":"closed","template":"","meta":{"footnotes":""},"class_list":["post-4361","page","type-page","status-publish","hentry"],"_links":{"self":[{"href":"http:\/\/kulzer-info.mx\/index.php\/wp-json\/wp\/v2\/pages\/4361","targetHints":{"allow":["GET"]}}],"collection":[{"href":"http:\/\/kulzer-info.mx\/index.php\/wp-json\/wp\/v2\/pages"}],"about":[{"href":"http:\/\/kulzer-info.mx\/index.php\/wp-json\/wp\/v2\/types\/page"}],"author":[{"embeddable":true,"href":"http:\/\/kulzer-info.mx\/index.php\/wp-json\/wp\/v2\/users\/1"}],"replies":[{"embeddable":true,"href":"http:\/\/kulzer-info.mx\/index.php\/wp-json\/wp\/v2\/comments?post=4361"}],"version-history":[{"count":44,"href":"http:\/\/kulzer-info.mx\/index.php\/wp-json\/wp\/v2\/pages\/4361\/revisions"}],"predecessor-version":[{"id":5297,"href":"http:\/\/kulzer-info.mx\/index.php\/wp-json\/wp\/v2\/pages\/4361\/revisions\/5297"}],"up":[{"embeddable":true,"href":"http:\/\/kulzer-info.mx\/index.php\/wp-json\/wp\/v2\/pages\/32"}],"wp:attachment":[{"href":"http:\/\/kulzer-info.mx\/index.php\/wp-json\/wp\/v2\/media?parent=4361"}],"curies":[{"name":"wp","href":"https:\/\/api.w.org\/{rel}","templated":true}]}}