{"id":2515,"date":"2019-01-22T16:24:00","date_gmt":"2019-01-22T21:24:00","guid":{"rendered":"http:\/\/kulzer-info.mx\/?page_id=2515"},"modified":"2026-01-22T17:32:55","modified_gmt":"2026-01-22T22:32:55","slug":"incrustaciones-de-signum-esteticas","status":"publish","type":"page","link":"http:\/\/kulzer-info.mx\/index.php\/desarrollando-expertos\/incrustaciones-de-signum-esteticas\/","title":{"rendered":"Restauraciones indirectas: Carillas e incrustaciones"},"content":{"rendered":"\n<p id=\"block-37370731-f60c-4dad-9829-36182ed98c15\"><strong>Imparte:&nbsp;<\/strong>Dr.&nbsp;Daniel Rivera<br><strong>Fechas disponibles:<\/strong> <br>&#8211; 12 de mayo<br>&#8211; 8 de septiembre<br><strong>Horario:<\/strong>&nbsp;Presencial&nbsp;9:00 a 16:00 h<br><strong>Sede:<\/strong>&nbsp;Aula Desarrollando eXpertos Kulzer<br>Homero 527 P3, Col. Polanco, Alc. Miguel Hidalgo, CDMX<br><strong>Dirigido:<\/strong>&nbsp;Odont\u00f3logos<br><span style=\"color: #95b600;\"><strong>GRATIS<\/strong> <\/span><em><span style=\"color: #95b600;\">En la compra de $2,900 de productos Kulzer <\/span> <\/em><\/p>\n\n\n\n<p style=\"font-size:25px\"><span style=\"color: #95b600;\">Mesa cl\u00ednica<strong> Te\u00f3rica &#8211; Pr\u00e1ctica <\/strong><\/span><\/p>\n\n\n\n<p class=\"has-medium-font-size\"><strong>Objetivo.<\/strong> Conocer la resina signum como opci\u00f3n est\u00e9tica para hacer restauraciones indirectas muy est\u00e9ticas como una carilla y pr\u00e1cticas como una incrustaci\u00f3n. <br><br>Aprende a dominar la gama de colores de las resinas Signum para crear carillas e incrustaciones de alta est\u00e9tica y gran practicidad.<\/p>\n\n\n\n<p style=\"font-size:14px\"><strong><mark style=\"background-color:rgba(0, 0, 0, 0);color:#bccf00\" class=\"has-inline-color\">Temario:<\/mark><\/strong><br><mark style=\"background-color:rgba(0, 0, 0, 0);color:#bccf00\" class=\"has-inline-color\"><strong>o<\/strong><\/mark> Definiciones<br><mark style=\"background-color:rgba(0, 0, 0, 0);color:#bccf00\" class=\"has-inline-color\"><strong>o<\/strong><\/mark> Conceptos de est\u00e9tica<br><mark style=\"background-color:rgba(0, 0, 0, 0);color:#bccf00\" class=\"has-inline-color\"><strong>o<\/strong><\/mark> Materiales dentales<br><mark style=\"background-color:rgba(0, 0, 0, 0);color:#bccf00\" class=\"has-inline-color\"><strong>o<\/strong><\/mark> Casos cl\u00ednicos<br><mark style=\"background-color:rgba(0, 0, 0, 0);color:#bccf00\" class=\"has-inline-color\"><strong>o<\/strong><\/mark> Pr\u00e1ctica en modelo<\/p>\n\n\n\n<p style=\"font-size:14px\"><strong><mark style=\"background-color:rgba(0, 0, 0, 0);color:#bccf00\" class=\"has-inline-color\">Pr\u00e1ctica:<\/mark><\/strong><br><mark style=\"background-color:rgba(0, 0, 0, 0);color:#bccf00\" class=\"has-inline-color\"><strong>o<\/strong><\/mark> Elaboraci\u00f3n de carillas con Signum<br><mark style=\"background-color:rgba(0, 0, 0, 0);color:#bccf00\" class=\"has-inline-color\"><strong>o<\/strong><\/mark> Elaboraci\u00f3n de una incrustaci\u00f3n<br><mark style=\"background-color:rgba(0, 0, 0, 0);color:#bccf00\" class=\"has-inline-color\"><strong>o<\/strong><\/mark> Pulido al alto brillo<\/p>\n\n\n\n<p style=\"font-size:25px\"><span style=\"color: #95b600;\"><strong>$750 MN<\/strong> Mesa cl\u00ednica <strong>PRESENCIAL<\/strong><\/span><\/p>\n\n\n\n<div class=\"wp-block-columns is-layout-flex wp-container-core-columns-is-layout-9d6595d7 wp-block-columns-is-layout-flex\">\n<div class=\"wp-block-column has-small-font-size is-layout-flow wp-block-column-is-layout-flow\">\n<p><strong><mark style=\"background-color:rgba(0, 0, 0, 0);color:#bccf00\" class=\"has-inline-color\">Incluye:<\/mark><\/strong><br><strong><mark style=\"background-color:rgba(0, 0, 0, 0);color:#bccf00\" class=\"has-inline-color\">o<\/mark><\/strong> Acceso a la mesa cl\u00ednica en el Aula Desarrollando eXpertos<br><strong><mark style=\"background-color:rgba(0, 0, 0, 0);color:#bccf00\" class=\"has-inline-color\">o<\/mark><\/strong> Material para la pr\u00e1ctica<br><strong><mark style=\"background-color:rgba(0, 0, 0, 0);color:#bccf00\" class=\"has-inline-color\">o<\/mark><\/strong> Certificado de asistencia<br><strong><mark style=\"background-color:rgba(0, 0, 0, 0);color:#bccf00\" class=\"has-inline-color\">o<\/mark><\/strong> Coffe Break<br><strong><mark style=\"background-color:rgba(0, 0, 0, 0);color:#bccf00\" class=\"has-inline-color\">o<\/mark><\/strong> <strong>Comida<\/strong><br><br><strong><mark style=\"background-color:rgba(0, 0, 0, 0);color:#bccf00\" class=\"has-inline-color\">Material que el participante debe traer:<\/mark><\/strong><br><strong><mark style=\"background-color:rgba(0, 0, 0, 0);color:#bccf00\" class=\"has-inline-color\">o<\/mark><\/strong> Esp\u00e1tulas para composite<br><strong><mark style=\"background-color:rgba(0, 0, 0, 0);color:#bccf00\" class=\"has-inline-color\">o<\/mark><\/strong> Pinceles para composites<br><strong><mark style=\"background-color:rgba(0, 0, 0, 0);color:#bccf00\" class=\"has-inline-color\">o<\/mark><\/strong> Loseta<br><strong><mark style=\"background-color:rgba(0, 0, 0, 0);color:#bccf00\" class=\"has-inline-color\">o<\/mark><\/strong> Micromotor de baja<br><strong><mark style=\"background-color:rgba(0, 0, 0, 0);color:#bccf00\" class=\"has-inline-color\">o<\/mark><\/strong> Kit de pulido<\/p>\n<\/div>\n\n\n\n<div class=\"wp-block-column is-layout-flow wp-block-column-is-layout-flow\">\n<p><strong>Pagar mesa cl\u00ednica presencial<\/strong><\/p>\n\n\n\n<div class=\"wp-block-buttons is-layout-flex wp-block-buttons-is-layout-flex\">\n<div class=\"wp-block-button\"><a class=\"wp-block-button__link has-background wp-element-button\" href=\"https:\/\/pago.clip.mx\/v3\/4183ea46-56ad-4bfa-952e-d42c0f72ed73\" style=\"border-radius:8px;background-color:#bccf00\" target=\"_blank\" rel=\"noreferrer noopener\"><strong>Pagar<\/strong><\/a><\/div>\n<\/div>\n<\/div>\n<\/div>\n\n\n\n<p>Al realizar el pago debes enviar tu comprobante por whats al 5580100393<\/p>\n\n\n\n<hr class=\"wp-block-separator has-alpha-channel-opacity is-style-wide\"\/>\n\n\n\n<p><strong>Si quieres hacer un pre-registro y que un asesor te contacte, llena el siguiente formulario<\/strong><\/p>\n\n\n\n<div class=\"wpcf7 no-js\" id=\"wpcf7-f4498-o1\" lang=\"es-ES\" dir=\"ltr\" data-wpcf7-id=\"4498\">\n<div class=\"screen-reader-response\"><p role=\"status\" aria-live=\"polite\" aria-atomic=\"true\"><\/p> <ul><\/ul><\/div>\n<form action=\"\/index.php\/wp-json\/wp\/v2\/pages\/2515#wpcf7-f4498-o1\" method=\"post\" class=\"wpcf7-form init\" aria-label=\"Formulario de contacto\" novalidate=\"novalidate\" data-status=\"init\">\n<fieldset class=\"hidden-fields-container\"><input type=\"hidden\" name=\"_wpcf7\" value=\"4498\" \/><input type=\"hidden\" name=\"_wpcf7_version\" value=\"6.1.5\" \/><input type=\"hidden\" name=\"_wpcf7_locale\" value=\"es_ES\" \/><input type=\"hidden\" name=\"_wpcf7_unit_tag\" value=\"wpcf7-f4498-o1\" \/><input type=\"hidden\" name=\"_wpcf7_container_post\" value=\"0\" \/><input type=\"hidden\" name=\"_wpcf7_posted_data_hash\" value=\"\" \/>\n<\/fieldset>\n<p><label> Nombre<br \/>\n<span class=\"wpcf7-form-control-wrap\" data-name=\"nombre\"><input size=\"40\" maxlength=\"400\" class=\"wpcf7-form-control wpcf7-text wpcf7-validates-as-required\" aria-required=\"true\" aria-invalid=\"false\" value=\"\" type=\"text\" name=\"nombre\" \/><\/span> <\/label>\n<\/p>\n<p><label> Apellido<br \/>\n<span class=\"wpcf7-form-control-wrap\" data-name=\"apellido\"><input size=\"40\" maxlength=\"400\" class=\"wpcf7-form-control wpcf7-text wpcf7-validates-as-required\" aria-required=\"true\" aria-invalid=\"false\" value=\"\" type=\"text\" name=\"apellido\" \/><\/span> <\/label>\n<\/p>\n<p><label> Correo electr\u00f3nico<br \/>\n<span class=\"wpcf7-form-control-wrap\" data-name=\"correo\"><input size=\"40\" maxlength=\"400\" class=\"wpcf7-form-control wpcf7-email wpcf7-validates-as-required wpcf7-text wpcf7-validates-as-email\" aria-required=\"true\" aria-invalid=\"false\" value=\"\" type=\"email\" name=\"correo\" \/><\/span> <\/label>\n<\/p>\n<p><label> Tel\u00e9fono<br \/>\n<span class=\"wpcf7-form-control-wrap\" data-name=\"telefono\"><input size=\"40\" maxlength=\"400\" class=\"wpcf7-form-control wpcf7-tel wpcf7-validates-as-required wpcf7-text wpcf7-validates-as-tel\" aria-required=\"true\" aria-invalid=\"false\" value=\"\" type=\"tel\" name=\"telefono\" \/><\/span> <\/label>\n<\/p>\n<p><label> Ciudad<br \/>\n<span class=\"wpcf7-form-control-wrap\" data-name=\"ciudad\"><input size=\"40\" maxlength=\"400\" class=\"wpcf7-form-control wpcf7-text wpcf7-validates-as-required\" aria-required=\"true\" aria-invalid=\"false\" value=\"\" type=\"text\" name=\"ciudad\" \/><\/span> <\/label>\n<\/p>\n<p><label> Estado<br \/>\n<span class=\"wpcf7-form-control-wrap\" data-name=\"estado\"><select class=\"wpcf7-form-control wpcf7-select wpcf7-validates-as-required\" aria-required=\"true\" aria-invalid=\"false\" name=\"estado\"><option value=\"\">&#8212;Por favor, elige una opci\u00f3n&#8212;<\/option><option value=\"Aguascalientes\">Aguascalientes<\/option><option value=\"Baja California\">Baja California<\/option><option value=\"Baja California Sur\">Baja California Sur<\/option><option value=\"Campeche\">Campeche<\/option><option value=\"Ciudad de M\u00e9xico\">Ciudad de M\u00e9xico<\/option><option value=\"Coahuila\">Coahuila<\/option><option value=\"Colima\">Colima<\/option><option value=\"Chiapas\">Chiapas<\/option><option value=\"Chihuahua\">Chihuahua<\/option><option value=\"Durango\">Durango<\/option><option value=\"Guanajuato\">Guanajuato<\/option><option value=\"Guerrero\">Guerrero<\/option><option value=\"Hidalgo\">Hidalgo<\/option><option value=\"Jalisco\">Jalisco<\/option><option value=\"M\u00e9xico\">M\u00e9xico<\/option><option value=\"Michoac\u00e1n\">Michoac\u00e1n<\/option><option value=\"Morelos\">Morelos<\/option><option value=\"Nayarit\">Nayarit<\/option><option value=\"Nuevo Le\u00f3n\">Nuevo Le\u00f3n<\/option><option value=\"Oaxaca\">Oaxaca<\/option><option value=\"Puebla\">Puebla<\/option><option value=\"Quer\u00e9taro\">Quer\u00e9taro<\/option><option value=\"Quintana Roo\">Quintana Roo<\/option><option value=\"San Luis Potos\u00ed\">San Luis Potos\u00ed<\/option><option value=\"Sinaloa\">Sinaloa<\/option><option value=\"Sonora\">Sonora<\/option><option value=\"Tabasco\">Tabasco<\/option><option value=\"Tamaulipas\">Tamaulipas<\/option><option value=\"Tlaxcala\">Tlaxcala<\/option><option value=\"Veracruz\">Veracruz<\/option><option value=\"Yucat\u00e1n\">Yucat\u00e1n<\/option><option value=\"Zacatecas\">Zacatecas<\/option><\/select><\/span> <\/label>\n<\/p>\n<p><span class=\"wpcf7-form-control-wrap\" data-name=\"interes\"><span class=\"wpcf7-form-control wpcf7-checkbox wpcf7-validates-as-required\"><span class=\"wpcf7-list-item first\"><label><input type=\"checkbox\" name=\"interes[]\" value=\"Informaci\u00f3n para consultorios dentales\" \/><span class=\"wpcf7-list-item-label\">Informaci\u00f3n para consultorios dentales<\/span><\/label><\/span><span class=\"wpcf7-list-item last\"><label><input type=\"checkbox\" name=\"interes[]\" value=\"Informaci\u00f3n para laboratorios dentales\" \/><span class=\"wpcf7-list-item-label\">Informaci\u00f3n para laboratorios dentales<\/span><\/label><\/span><\/span><\/span>\n<\/p>\n<p><span class=\"wpcf7-form-control-wrap\" data-name=\"acepto1\"><span class=\"wpcf7-form-control wpcf7-acceptance optional\"><span class=\"wpcf7-list-item\"><label><input type=\"checkbox\" name=\"acepto1\" value=\"1\" aria-invalid=\"false\" \/><span class=\"wpcf7-list-item-label\">Me gustar\u00eda suscribirme al servicio gratuito de newsletter de Kulzer. (El contenido incluye informaci\u00f3n de productos, noticias de la compa\u00f1\u00eda y la industria, eventos, promociones y ofertas. Los boletines se enviar\u00e1n cada 2-4 semanas).<\/span><\/label><\/span><\/span><\/span>\n<\/p>\n<p><span class=\"wpcf7-form-control-wrap\" data-name=\"acepto2\"><span class=\"wpcf7-form-control wpcf7-acceptance optional\"><span class=\"wpcf7-list-item\"><label><input type=\"checkbox\" name=\"acepto2\" value=\"1\" aria-invalid=\"false\" \/><span class=\"wpcf7-list-item-label\">Estoy de acuerdo que los datos recogidos, as\u00ed como mi comportamiento individual al hacer clic en los enlaces de imagen\/texto, sean utilizados por Kulzer para proporcionarme un contenido individualizado. Puedo cancelar la suscripci\u00f3n o retirar el permiso de seguimiento en cualquier momento en cada newsletter.<\/span><\/label><\/span><\/span><\/span>\n<\/p>\n<p><input class=\"wpcf7-form-control wpcf7-submit has-spinner\" type=\"submit\" value=\"Enviar\" \/>\n<\/p><div class=\"wpcf7-response-output\" aria-hidden=\"true\"><\/div>\n<\/form>\n<\/div>\n\n\n\n\n<p class=\"has-small-font-size\" id=\"block-3fc35513-5639-4ec5-9afb-aa0d7943080c\"><strong>FORMAS DE PAGO<\/strong><br>El pago puede ser, con cargo a su tarjeta de cr\u00e9dito o d\u00e9bito v\u00eda telef\u00f3nica, transferencia bancaria, dep\u00f3sito en ventanilla.<br><strong>Citibank M\u00e9xico a nombre de Kulzer M\u00e9xico SA de CV<\/strong><br><strong>Cuenta<\/strong>: 08700076831<br><strong>Sucursal<\/strong>: 870<br><strong>Clabe interbancaria<\/strong>: 124180087000768310<br><br><strong>CANCELACIONES<\/strong>&nbsp;<em>Las inscripciones para mesas cl\u00ednicas podr\u00e1n cancelarse hasta una semana antes del evento. Para cursos, la cancelaci\u00f3n podr\u00e1 realizarse hasta dos semanas antes del evento. En caso contrario no se garantiza el reembolso de los montos pagados.<\/em><\/p>\n","protected":false},"excerpt":{"rendered":"<p>Imparte:&nbsp;Dr.&nbsp;Daniel RiveraFechas disponibles: &#8211; 12 de mayo&#8211; 8 de septiembreHorario:&nbsp;Presencial&nbsp;9:00 a 16:00 hSede:&nbsp;Aula Desarrollando eXpertos KulzerHomero 527 P3, Col. Polanco, Alc. Miguel Hidalgo, CDMXDirigido:&nbsp;Odont\u00f3logosGRATIS En la compra de $2,900 de productos Kulzer Mesa cl\u00ednica Te\u00f3rica &#8211; Pr\u00e1ctica Objetivo. Conocer la resina signum como opci\u00f3n est\u00e9tica para hacer restauraciones indirectas muy est\u00e9ticas como una carilla y pr\u00e1cticas como una incrustaci\u00f3n. Aprende [&hellip;]<\/p>\n","protected":false},"author":1,"featured_media":0,"parent":32,"menu_order":0,"comment_status":"closed","ping_status":"closed","template":"","meta":{"footnotes":""},"class_list":["post-2515","page","type-page","status-publish","hentry"],"_links":{"self":[{"href":"http:\/\/kulzer-info.mx\/index.php\/wp-json\/wp\/v2\/pages\/2515","targetHints":{"allow":["GET"]}}],"collection":[{"href":"http:\/\/kulzer-info.mx\/index.php\/wp-json\/wp\/v2\/pages"}],"about":[{"href":"http:\/\/kulzer-info.mx\/index.php\/wp-json\/wp\/v2\/types\/page"}],"author":[{"embeddable":true,"href":"http:\/\/kulzer-info.mx\/index.php\/wp-json\/wp\/v2\/users\/1"}],"replies":[{"embeddable":true,"href":"http:\/\/kulzer-info.mx\/index.php\/wp-json\/wp\/v2\/comments?post=2515"}],"version-history":[{"count":77,"href":"http:\/\/kulzer-info.mx\/index.php\/wp-json\/wp\/v2\/pages\/2515\/revisions"}],"predecessor-version":[{"id":5296,"href":"http:\/\/kulzer-info.mx\/index.php\/wp-json\/wp\/v2\/pages\/2515\/revisions\/5296"}],"up":[{"embeddable":true,"href":"http:\/\/kulzer-info.mx\/index.php\/wp-json\/wp\/v2\/pages\/32"}],"wp:attachment":[{"href":"http:\/\/kulzer-info.mx\/index.php\/wp-json\/wp\/v2\/media?parent=2515"}],"curies":[{"name":"wp","href":"https:\/\/api.w.org\/{rel}","templated":true}]}}